{"id":1397,"date":"2023-04-24T12:53:57","date_gmt":"2023-04-24T10:53:57","guid":{"rendered":"https:\/\/cuinesiportescortes.es\/?page_id=1397"},"modified":"2023-10-31T12:09:22","modified_gmt":"2023-10-31T11:09:22","slug":"armarios-a-medida","status":"publish","type":"page","link":"https:\/\/cuinesiportescortes.es\/index.php\/armarios-a-medida\/","title":{"rendered":"ARMARIOS A MEDIDA"},"content":{"rendered":"\n<h3 class=\"wp-block-heading\">\u00bfQuieres sacarle el mayor provecho a tu casa? \u00bfTienes una buhardilla que te gustar\u00eda disfrutar? \u00bfHay una viga o columna en el dormitorio que te molesta para colocar el armario?<\/h3>\n\n\n\n<h5 class=\"wp-block-heading\">Tener\u00a0<strong>armarios<\/strong>\u00a0donde poder almacenar nuestra ropa y nuestras cosas, hoy en d\u00eda, es imprescindible, puesto que cada vez tendemos a tener m\u00e1s objetos y\u00a0 menos espacio en casa. Los armarios a medida son la mejor opci\u00f3n para poder almacenar nuestra ropa quitando el menor espacio posible.<\/h5>\n\n\n\n<h5 class=\"wp-block-heading\">Somos expertos en el dise\u00f1o de armarios empotrados y vestidores a medida con dise\u00f1os cl\u00e1sicos, modernos, vintage, industriales o n\u00f3rdicos para cualquier proyecto, utilizando maderas seleccionadas. Le ofrecemos un sinf\u00edn de combinaciones para optimizar el espacio. <\/h5>\n\n\n\n<h5 class=\"wp-block-heading\">Ind\u00edquenos su idea y nosotros conseguiremos personalizar su proyecto.<\/h5>\n\n\n\n<div class=\"wp-block-columns is-layout-flex wp-container-2\">\n<div class=\"wp-block-column is-layout-flow\" style=\"flex-basis:100%\">\n<div class=\"wp-block-uagb-slider uagb-block-81cc2661 uagb-slider-container\"><div class=\"uagb-slides uagb-swiper\"><div class=\"swiper-wrapper\">\n<div class=\"wp-block-uagb-slider-child uagb-slider-child-wrap swiper-slide uagb-block-2d595671-3ef7-46a8-911c-3fb17bcd6594\"><div class=\"swiper-content\">\n<div class=\"wp-block-uagb-container uagb-block-cdf1cddf alignfull uagb-is-root-container\"><div class=\"uagb-container-inner-blocks-wrap\">\n<figure class=\"wp-block-image size-large\"><img decoding=\"async\" loading=\"lazy\" width=\"768\" height=\"1024\" src=\"http:\/\/cuinesiportescortes.es\/wp-content\/uploads\/2023\/06\/IMG-20230601-WA0019-768x1024.jpg\" alt=\"\" class=\"wp-image-1834\" srcset=\"https:\/\/cuinesiportescortes.es\/wp-content\/uploads\/2023\/06\/IMG-20230601-WA0019-768x1024.jpg 768w, https:\/\/cuinesiportescortes.es\/wp-content\/uploads\/2023\/06\/IMG-20230601-WA0019-225x300.jpg 225w, https:\/\/cuinesiportescortes.es\/wp-content\/uploads\/2023\/06\/IMG-20230601-WA0019-1152x1536.jpg 1152w, https:\/\/cuinesiportescortes.es\/wp-content\/uploads\/2023\/06\/IMG-20230601-WA0019.jpg 1512w\" sizes=\"(max-width: 768px) 100vw, 768px\" \/><\/figure>\n<\/div><\/div>\n<\/div><\/div>\n\n\n\n<div class=\"wp-block-uagb-slider-child uagb-slider-child-wrap swiper-slide uagb-block-57fadbc2-3d2c-4fba-8f6b-d6afc2857b47\"><div class=\"swiper-content\">\n<div class=\"wp-block-uagb-container uagb-block-ef0c7ed2 alignfull uagb-is-root-container\"><div class=\"uagb-container-inner-blocks-wrap\">\n<figure class=\"wp-block-image size-large\"><img decoding=\"async\" loading=\"lazy\" width=\"1024\" height=\"768\" src=\"http:\/\/cuinesiportescortes.es\/wp-content\/uploads\/2023\/06\/20141015_164417-1024x768.jpg\" alt=\"\" class=\"wp-image-1850\" srcset=\"https:\/\/cuinesiportescortes.es\/wp-content\/uploads\/2023\/06\/20141015_164417-1024x768.jpg 1024w, https:\/\/cuinesiportescortes.es\/wp-content\/uploads\/2023\/06\/20141015_164417-300x225.jpg 300w, https:\/\/cuinesiportescortes.es\/wp-content\/uploads\/2023\/06\/20141015_164417-768x576.jpg 768w, https:\/\/cuinesiportescortes.es\/wp-content\/uploads\/2023\/06\/20141015_164417-1536x1152.jpg 1536w, https:\/\/cuinesiportescortes.es\/wp-content\/uploads\/2023\/06\/20141015_164417-2048x1536.jpg 2048w\" sizes=\"(max-width: 1024px) 100vw, 1024px\" \/><\/figure>\n<\/div><\/div>\n<\/div><\/div>\n\n\n\n<div class=\"wp-block-uagb-slider-child uagb-slider-child-wrap swiper-slide uagb-block-2b4b9c53-b6b0-4619-8aee-5bdfeb46bf18\"><div class=\"swiper-content\">\n<div class=\"wp-block-uagb-container uagb-block-45536afd alignfull uagb-is-root-container\"><div class=\"uagb-container-inner-blocks-wrap\">\n<figure class=\"wp-block-image size-large\"><img decoding=\"async\" loading=\"lazy\" width=\"1024\" height=\"768\" src=\"http:\/\/cuinesiportescortes.es\/wp-content\/uploads\/2023\/06\/20140730_194112-1024x768.jpg\" alt=\"\" class=\"wp-image-1851\" srcset=\"https:\/\/cuinesiportescortes.es\/wp-content\/uploads\/2023\/06\/20140730_194112-1024x768.jpg 1024w, https:\/\/cuinesiportescortes.es\/wp-content\/uploads\/2023\/06\/20140730_194112-300x225.jpg 300w, https:\/\/cuinesiportescortes.es\/wp-content\/uploads\/2023\/06\/20140730_194112-768x576.jpg 768w, https:\/\/cuinesiportescortes.es\/wp-content\/uploads\/2023\/06\/20140730_194112-1536x1152.jpg 1536w, https:\/\/cuinesiportescortes.es\/wp-content\/uploads\/2023\/06\/20140730_194112-2048x1536.jpg 2048w\" sizes=\"(max-width: 1024px) 100vw, 1024px\" \/><\/figure>\n<\/div><\/div>\n<\/div><\/div>\n<\/div><\/div><div class=\"swiper-pagination\"><\/div><div class=\"swiper-button-prev\"><\/div><div class=\"swiper-button-next\"><\/div><\/div>\n<\/div>\n<\/div>\n","protected":false},"excerpt":{"rendered":"<p>\u00bfQuieres sacarle el mayor provecho a tu casa? \u00bfTienes una buhardilla que te gustar\u00eda disfrutar? \u00bfHay una viga o columna en el dormitorio que te molesta para colocar el armario? Tener\u00a0armarios\u00a0donde poder almacenar nuestra ropa y nuestras cosas, hoy en d\u00eda, es imprescindible, puesto que cada vez tendemos a tener m\u00e1s objetos y\u00a0 menos espacio &hellip;<\/p>\n<p class=\"read-more\"> <a class=\"\" href=\"https:\/\/cuinesiportescortes.es\/index.php\/armarios-a-medida\/\"> <span class=\"screen-reader-text\">ARMARIOS A MEDIDA<\/span> Leer m\u00e1s &raquo;<\/a><\/p>\n","protected":false},"author":1,"featured_media":0,"parent":0,"menu_order":0,"comment_status":"closed","ping_status":"closed","template":"","meta":{"_uag_custom_page_level_css":"","site-sidebar-layout":"default","site-content-layout":"default","ast-global-header-display":"","ast-banner-title-visibility":"","ast-main-header-display":"","ast-hfb-above-header-display":"","ast-hfb-below-header-display":"","ast-hfb-mobile-header-display":"","site-post-title":"","ast-breadcrumbs-content":"","ast-featured-img":"","footer-sml-layout":"","theme-transparent-header-meta":"","adv-header-id-meta":"","stick-header-meta":"","header-above-stick-meta":"","header-main-stick-meta":"","header-below-stick-meta":""},"yoast_head":"<!-- This site is optimized with the Yoast SEO plugin v21.6 - https:\/\/yoast.com\/wordpress\/plugins\/seo\/ -->\n<title>ARMARIOS A MEDIDA - Carpinteria Cuines i Portes Cortes Cocinas puertas armarios obra publica<\/title>\n<meta name=\"description\" content=\"Carpinteria Cuines i portes Cortes Cocinas puertas armarios obra publica\" \/>\n<meta name=\"robots\" content=\"index, follow, max-snippet:-1, max-image-preview:large, max-video-preview:-1\" \/>\n<link rel=\"canonical\" href=\"https:\/\/cuinesiportescortes.es\/index.php\/armarios-a-medida\/\" \/>\n<meta property=\"og:locale\" content=\"es_ES\" \/>\n<meta property=\"og:type\" content=\"article\" \/>\n<meta property=\"og:title\" content=\"ARMARIOS A MEDIDA - Carpinteria Cuines i Portes Cortes Cocinas puertas armarios obra publica\" \/>\n<meta property=\"og:description\" content=\"Carpinteria Cuines i portes Cortes Cocinas puertas armarios obra publica\" \/>\n<meta property=\"og:url\" content=\"https:\/\/cuinesiportescortes.es\/index.php\/armarios-a-medida\/\" \/>\n<meta property=\"og:site_name\" content=\"Carpinteria Cuines i Portes Cortes Cocinas puertas armarios obra publica\" \/>\n<meta property=\"article:modified_time\" content=\"2023-10-31T11:09:22+00:00\" \/>\n<meta property=\"og:image\" content=\"http:\/\/cuinesiportescortes.es\/wp-content\/uploads\/2023\/06\/IMG-20230601-WA0019-768x1024.jpg\" \/>\n<meta name=\"twitter:card\" content=\"summary_large_image\" \/>\n<meta name=\"twitter:label1\" content=\"Tiempo de lectura\" \/>\n\t<meta name=\"twitter:data1\" content=\"2 minutos\" \/>\n<script type=\"application\/ld+json\" class=\"yoast-schema-graph\">{\"@context\":\"https:\/\/schema.org\",\"@graph\":[{\"@type\":\"WebPage\",\"@id\":\"https:\/\/cuinesiportescortes.es\/index.php\/armarios-a-medida\/\",\"url\":\"https:\/\/cuinesiportescortes.es\/index.php\/armarios-a-medida\/\",\"name\":\"ARMARIOS A MEDIDA - Carpinteria Cuines i Portes Cortes Cocinas puertas armarios obra publica\",\"isPartOf\":{\"@id\":\"https:\/\/cuinesiportescortes.es\/#website\"},\"datePublished\":\"2023-04-24T10:53:57+00:00\",\"dateModified\":\"2023-10-31T11:09:22+00:00\",\"description\":\"Carpinteria Cuines i portes Cortes Cocinas puertas armarios obra publica\",\"breadcrumb\":{\"@id\":\"https:\/\/cuinesiportescortes.es\/index.php\/armarios-a-medida\/#breadcrumb\"},\"inLanguage\":\"es\",\"potentialAction\":[{\"@type\":\"ReadAction\",\"target\":[\"https:\/\/cuinesiportescortes.es\/index.php\/armarios-a-medida\/\"]}]},{\"@type\":\"BreadcrumbList\",\"@id\":\"https:\/\/cuinesiportescortes.es\/index.php\/armarios-a-medida\/#breadcrumb\",\"itemListElement\":[{\"@type\":\"ListItem\",\"position\":1,\"name\":\"Portada\",\"item\":\"https:\/\/cuinesiportescortes.es\/\"},{\"@type\":\"ListItem\",\"position\":2,\"name\":\"ARMARIOS A MEDIDA\"}]},{\"@type\":\"WebSite\",\"@id\":\"https:\/\/cuinesiportescortes.es\/#website\",\"url\":\"https:\/\/cuinesiportescortes.es\/\",\"name\":\"Carpinteria Cuines i Portes Cortes Cocinas puertas armarios obra publica\",\"description\":\"Carpinteria Cuines i Portes Cortes Cocinas puertas armarios obra publica\",\"publisher\":{\"@id\":\"https:\/\/cuinesiportescortes.es\/#organization\"},\"potentialAction\":[{\"@type\":\"SearchAction\",\"target\":{\"@type\":\"EntryPoint\",\"urlTemplate\":\"https:\/\/cuinesiportescortes.es\/?s={search_term_string}\"},\"query-input\":\"required name=search_term_string\"}],\"inLanguage\":\"es\"},{\"@type\":\"Organization\",\"@id\":\"https:\/\/cuinesiportescortes.es\/#organization\",\"name\":\"Carpinteria Cuines i Portes Cortes Cocinas puertas armarios obra publica\",\"url\":\"https:\/\/cuinesiportescortes.es\/\",\"logo\":{\"@type\":\"ImageObject\",\"inLanguage\":\"es\",\"@id\":\"https:\/\/cuinesiportescortes.es\/#\/schema\/logo\/image\/\",\"url\":\"https:\/\/cuinesiportescortes.es\/wp-content\/uploads\/2023\/11\/cropped-Logo_Cuines_PortesCortes_nuevo3-1.png\",\"contentUrl\":\"https:\/\/cuinesiportescortes.es\/wp-content\/uploads\/2023\/11\/cropped-Logo_Cuines_PortesCortes_nuevo3-1.png\",\"width\":154,\"height\":153,\"caption\":\"Carpinteria Cuines i Portes Cortes Cocinas puertas armarios obra publica\"},\"image\":{\"@id\":\"https:\/\/cuinesiportescortes.es\/#\/schema\/logo\/image\/\"}}]}<\/script>\n<!-- \/ Yoast SEO plugin. -->","yoast_head_json":{"title":"ARMARIOS A MEDIDA - Carpinteria Cuines i Portes Cortes Cocinas puertas armarios obra publica","description":"Carpinteria Cuines i portes Cortes Cocinas puertas armarios obra publica","robots":{"index":"index","follow":"follow","max-snippet":"max-snippet:-1","max-image-preview":"max-image-preview:large","max-video-preview":"max-video-preview:-1"},"canonical":"https:\/\/cuinesiportescortes.es\/index.php\/armarios-a-medida\/","og_locale":"es_ES","og_type":"article","og_title":"ARMARIOS A MEDIDA - Carpinteria Cuines i Portes Cortes Cocinas puertas armarios obra publica","og_description":"Carpinteria Cuines i portes Cortes Cocinas puertas armarios obra publica","og_url":"https:\/\/cuinesiportescortes.es\/index.php\/armarios-a-medida\/","og_site_name":"Carpinteria Cuines i Portes Cortes Cocinas puertas armarios obra publica","article_modified_time":"2023-10-31T11:09:22+00:00","og_image":[{"url":"http:\/\/cuinesiportescortes.es\/wp-content\/uploads\/2023\/06\/IMG-20230601-WA0019-768x1024.jpg"}],"twitter_card":"summary_large_image","twitter_misc":{"Tiempo de lectura":"2 minutos"},"schema":{"@context":"https:\/\/schema.org","@graph":[{"@type":"WebPage","@id":"https:\/\/cuinesiportescortes.es\/index.php\/armarios-a-medida\/","url":"https:\/\/cuinesiportescortes.es\/index.php\/armarios-a-medida\/","name":"ARMARIOS A MEDIDA - Carpinteria Cuines i Portes Cortes Cocinas puertas armarios obra publica","isPartOf":{"@id":"https:\/\/cuinesiportescortes.es\/#website"},"datePublished":"2023-04-24T10:53:57+00:00","dateModified":"2023-10-31T11:09:22+00:00","description":"Carpinteria Cuines i portes Cortes Cocinas puertas armarios obra publica","breadcrumb":{"@id":"https:\/\/cuinesiportescortes.es\/index.php\/armarios-a-medida\/#breadcrumb"},"inLanguage":"es","potentialAction":[{"@type":"ReadAction","target":["https:\/\/cuinesiportescortes.es\/index.php\/armarios-a-medida\/"]}]},{"@type":"BreadcrumbList","@id":"https:\/\/cuinesiportescortes.es\/index.php\/armarios-a-medida\/#breadcrumb","itemListElement":[{"@type":"ListItem","position":1,"name":"Portada","item":"https:\/\/cuinesiportescortes.es\/"},{"@type":"ListItem","position":2,"name":"ARMARIOS A MEDIDA"}]},{"@type":"WebSite","@id":"https:\/\/cuinesiportescortes.es\/#website","url":"https:\/\/cuinesiportescortes.es\/","name":"Carpinteria Cuines i Portes Cortes Cocinas puertas armarios obra publica","description":"Carpinteria Cuines i Portes Cortes Cocinas puertas armarios obra publica","publisher":{"@id":"https:\/\/cuinesiportescortes.es\/#organization"},"potentialAction":[{"@type":"SearchAction","target":{"@type":"EntryPoint","urlTemplate":"https:\/\/cuinesiportescortes.es\/?s={search_term_string}"},"query-input":"required name=search_term_string"}],"inLanguage":"es"},{"@type":"Organization","@id":"https:\/\/cuinesiportescortes.es\/#organization","name":"Carpinteria Cuines i Portes Cortes Cocinas puertas armarios obra publica","url":"https:\/\/cuinesiportescortes.es\/","logo":{"@type":"ImageObject","inLanguage":"es","@id":"https:\/\/cuinesiportescortes.es\/#\/schema\/logo\/image\/","url":"https:\/\/cuinesiportescortes.es\/wp-content\/uploads\/2023\/11\/cropped-Logo_Cuines_PortesCortes_nuevo3-1.png","contentUrl":"https:\/\/cuinesiportescortes.es\/wp-content\/uploads\/2023\/11\/cropped-Logo_Cuines_PortesCortes_nuevo3-1.png","width":154,"height":153,"caption":"Carpinteria Cuines i Portes Cortes Cocinas puertas armarios obra publica"},"image":{"@id":"https:\/\/cuinesiportescortes.es\/#\/schema\/logo\/image\/"}}]}},"uagb_featured_image_src":{"full":false,"thumbnail":false,"medium":false,"medium_large":false,"large":false,"1536x1536":false,"2048x2048":false},"uagb_author_info":{"display_name":"jvtogomez@gmail.com","author_link":"https:\/\/cuinesiportescortes.es\/index.php\/author\/jvtogomezgmail-com\/"},"uagb_comment_info":0,"uagb_excerpt":"\u00bfQuieres sacarle el mayor provecho a tu casa? \u00bfTienes una buhardilla que te gustar\u00eda disfrutar? \u00bfHay una viga o columna en el dormitorio que te molesta para colocar el armario? Tener\u00a0armarios\u00a0donde poder almacenar nuestra ropa y nuestras cosas, hoy en d\u00eda, es imprescindible, puesto que cada vez tendemos a tener m\u00e1s objetos y\u00a0 menos espacio&hellip;","_links":{"self":[{"href":"https:\/\/cuinesiportescortes.es\/index.php\/wp-json\/wp\/v2\/pages\/1397"}],"collection":[{"href":"https:\/\/cuinesiportescortes.es\/index.php\/wp-json\/wp\/v2\/pages"}],"about":[{"href":"https:\/\/cuinesiportescortes.es\/index.php\/wp-json\/wp\/v2\/types\/page"}],"author":[{"embeddable":true,"href":"https:\/\/cuinesiportescortes.es\/index.php\/wp-json\/wp\/v2\/users\/1"}],"replies":[{"embeddable":true,"href":"https:\/\/cuinesiportescortes.es\/index.php\/wp-json\/wp\/v2\/comments?post=1397"}],"version-history":[{"count":12,"href":"https:\/\/cuinesiportescortes.es\/index.php\/wp-json\/wp\/v2\/pages\/1397\/revisions"}],"predecessor-version":[{"id":2045,"href":"https:\/\/cuinesiportescortes.es\/index.php\/wp-json\/wp\/v2\/pages\/1397\/revisions\/2045"}],"wp:attachment":[{"href":"https:\/\/cuinesiportescortes.es\/index.php\/wp-json\/wp\/v2\/media?parent=1397"}],"curies":[{"name":"wp","href":"https:\/\/api.w.org\/{rel}","templated":true}]}}