{"id":1402,"date":"2023-04-24T12:54:49","date_gmt":"2023-04-24T10:54:49","guid":{"rendered":"https:\/\/cuinesiportescortes.es\/?page_id=1402"},"modified":"2023-10-31T12:05:12","modified_gmt":"2023-10-31T11:05:12","slug":"muebles","status":"publish","type":"page","link":"https:\/\/cuinesiportescortes.es\/index.php\/muebles\/","title":{"rendered":"MUEBLES A MEDIDA"},"content":{"rendered":"\n<h5 class=\"wp-block-heading\">Si tienes una idea , nosotros te ayudamos a hacerla realidad en nuestra carpinter\u00eda. <\/h5>\n\n\n\n<h5 class=\"wp-block-heading\">Podemos ofrecerte toda nuestra experiencia en la fabricaci\u00f3n de muebles a medida, como dormitorios, c\u00f3modas, estanter\u00edas , mesas de estudio , mesas de TV ,muebles de ba\u00f1o , etc.&nbsp;<\/h5>\n\n\n\n<div class=\"wp-block-uagb-slider uagb-block-55d9a6a0 uagb-slider-container\"><div class=\"uagb-slides uagb-swiper\"><div class=\"swiper-wrapper\">\n<div class=\"wp-block-uagb-slider-child uagb-slider-child-wrap swiper-slide uagb-block-56e6020a-50e8-4e45-ab48-30953cea9b48\"><div class=\"swiper-content\">\n<div class=\"wp-block-uagb-container uagb-block-2db045bf alignfull uagb-is-root-container\"><div class=\"uagb-container-inner-blocks-wrap\">\n<figure class=\"wp-block-image size-large\"><img decoding=\"async\" loading=\"lazy\" width=\"1024\" height=\"768\" src=\"http:\/\/cuinesiportescortes.es\/wp-content\/uploads\/2023\/06\/20140630_155858-1024x768.jpg\" alt=\"\" class=\"wp-image-1852\" srcset=\"https:\/\/cuinesiportescortes.es\/wp-content\/uploads\/2023\/06\/20140630_155858-1024x768.jpg 1024w, https:\/\/cuinesiportescortes.es\/wp-content\/uploads\/2023\/06\/20140630_155858-300x225.jpg 300w, https:\/\/cuinesiportescortes.es\/wp-content\/uploads\/2023\/06\/20140630_155858-768x576.jpg 768w, https:\/\/cuinesiportescortes.es\/wp-content\/uploads\/2023\/06\/20140630_155858-1536x1152.jpg 1536w, https:\/\/cuinesiportescortes.es\/wp-content\/uploads\/2023\/06\/20140630_155858-2048x1536.jpg 2048w\" sizes=\"(max-width: 1024px) 100vw, 1024px\" \/><\/figure>\n<\/div><\/div>\n<\/div><\/div>\n\n\n\n<div class=\"wp-block-uagb-slider-child uagb-slider-child-wrap swiper-slide uagb-block-cab26075-68ee-442d-a47a-85e6c00e255b\"><div class=\"swiper-content\">\n<div class=\"wp-block-uagb-container uagb-block-f5ab28fc alignfull uagb-is-root-container\"><div class=\"uagb-container-inner-blocks-wrap\">\n<figure class=\"wp-block-image size-large\"><img decoding=\"async\" loading=\"lazy\" width=\"1024\" height=\"768\" src=\"http:\/\/cuinesiportescortes.es\/wp-content\/uploads\/2023\/06\/20141120_212109-1024x768.jpg\" alt=\"\" class=\"wp-image-1849\" srcset=\"https:\/\/cuinesiportescortes.es\/wp-content\/uploads\/2023\/06\/20141120_212109-1024x768.jpg 1024w, https:\/\/cuinesiportescortes.es\/wp-content\/uploads\/2023\/06\/20141120_212109-300x225.jpg 300w, https:\/\/cuinesiportescortes.es\/wp-content\/uploads\/2023\/06\/20141120_212109-768x576.jpg 768w, https:\/\/cuinesiportescortes.es\/wp-content\/uploads\/2023\/06\/20141120_212109-1536x1152.jpg 1536w, https:\/\/cuinesiportescortes.es\/wp-content\/uploads\/2023\/06\/20141120_212109-2048x1536.jpg 2048w\" sizes=\"(max-width: 1024px) 100vw, 1024px\" \/><\/figure>\n<\/div><\/div>\n<\/div><\/div>\n\n\n\n<div class=\"wp-block-uagb-slider-child uagb-slider-child-wrap swiper-slide uagb-block-29eb256a-9789-48fb-81c7-a5e9e7cb3f51\"><div class=\"swiper-content\">\n<div class=\"wp-block-uagb-container uagb-block-dc9a6e70 alignfull uagb-is-root-container\"><div class=\"uagb-container-inner-blocks-wrap\">\n<figure class=\"wp-block-image size-large\"><img decoding=\"async\" loading=\"lazy\" width=\"1024\" height=\"768\" src=\"http:\/\/cuinesiportescortes.es\/wp-content\/uploads\/2023\/06\/20141120_212123-1024x768.jpg\" alt=\"\" class=\"wp-image-1848\" srcset=\"https:\/\/cuinesiportescortes.es\/wp-content\/uploads\/2023\/06\/20141120_212123-1024x768.jpg 1024w, https:\/\/cuinesiportescortes.es\/wp-content\/uploads\/2023\/06\/20141120_212123-300x225.jpg 300w, https:\/\/cuinesiportescortes.es\/wp-content\/uploads\/2023\/06\/20141120_212123-768x576.jpg 768w, https:\/\/cuinesiportescortes.es\/wp-content\/uploads\/2023\/06\/20141120_212123-1536x1152.jpg 1536w, https:\/\/cuinesiportescortes.es\/wp-content\/uploads\/2023\/06\/20141120_212123-2048x1536.jpg 2048w\" sizes=\"(max-width: 1024px) 100vw, 1024px\" \/><\/figure>\n<\/div><\/div>\n<\/div><\/div>\n\n\n\n<div class=\"wp-block-uagb-slider-child uagb-slider-child-wrap swiper-slide uagb-block-ef267a6f-70ff-4788-a886-be818ce09588\"><div class=\"swiper-content\">\n<div class=\"wp-block-uagb-container uagb-block-65fecd18 alignfull uagb-is-root-container\"><div class=\"uagb-container-inner-blocks-wrap\">\n<figure class=\"wp-block-image size-large\"><img decoding=\"async\" loading=\"lazy\" width=\"1024\" height=\"768\" src=\"http:\/\/cuinesiportescortes.es\/wp-content\/uploads\/2023\/06\/20141120_212146-1024x768.jpg\" alt=\"\" class=\"wp-image-1847\" srcset=\"https:\/\/cuinesiportescortes.es\/wp-content\/uploads\/2023\/06\/20141120_212146-1024x768.jpg 1024w, https:\/\/cuinesiportescortes.es\/wp-content\/uploads\/2023\/06\/20141120_212146-300x225.jpg 300w, https:\/\/cuinesiportescortes.es\/wp-content\/uploads\/2023\/06\/20141120_212146-768x576.jpg 768w, https:\/\/cuinesiportescortes.es\/wp-content\/uploads\/2023\/06\/20141120_212146-1536x1152.jpg 1536w, https:\/\/cuinesiportescortes.es\/wp-content\/uploads\/2023\/06\/20141120_212146-2048x1536.jpg 2048w\" sizes=\"(max-width: 1024px) 100vw, 1024px\" \/><\/figure>\n<\/div><\/div>\n<\/div><\/div>\n\n\n\n<div class=\"wp-block-uagb-slider-child uagb-slider-child-wrap swiper-slide uagb-block-5f201278-78b4-4e9f-b923-251942ea13d3\"><div class=\"swiper-content\">\n<div class=\"wp-block-uagb-container uagb-block-4f911879 alignfull uagb-is-root-container\"><div class=\"uagb-container-inner-blocks-wrap\">\n<figure class=\"wp-block-image size-large\"><img decoding=\"async\" loading=\"lazy\" width=\"1024\" height=\"768\" src=\"http:\/\/cuinesiportescortes.es\/wp-content\/uploads\/2023\/06\/20150206_190203-1024x768.jpg\" alt=\"\" class=\"wp-image-1846\" srcset=\"https:\/\/cuinesiportescortes.es\/wp-content\/uploads\/2023\/06\/20150206_190203-1024x768.jpg 1024w, https:\/\/cuinesiportescortes.es\/wp-content\/uploads\/2023\/06\/20150206_190203-300x225.jpg 300w, https:\/\/cuinesiportescortes.es\/wp-content\/uploads\/2023\/06\/20150206_190203-768x576.jpg 768w, https:\/\/cuinesiportescortes.es\/wp-content\/uploads\/2023\/06\/20150206_190203-1536x1152.jpg 1536w, https:\/\/cuinesiportescortes.es\/wp-content\/uploads\/2023\/06\/20150206_190203-2048x1536.jpg 2048w\" sizes=\"(max-width: 1024px) 100vw, 1024px\" \/><\/figure>\n<\/div><\/div>\n<\/div><\/div>\n\n\n\n<div class=\"wp-block-uagb-slider-child uagb-slider-child-wrap swiper-slide uagb-block-a7f07fd1-504f-4c60-938c-cd591289f5ec\"><div class=\"swiper-content\">\n<div class=\"wp-block-uagb-container uagb-block-7f63cabb alignfull uagb-is-root-container\"><div class=\"uagb-container-inner-blocks-wrap\">\n<figure class=\"wp-block-image size-large\"><img decoding=\"async\" loading=\"lazy\" width=\"1024\" height=\"768\" src=\"http:\/\/cuinesiportescortes.es\/wp-content\/uploads\/2023\/06\/20150206_190241-1024x768.jpg\" alt=\"\" class=\"wp-image-1845\" srcset=\"https:\/\/cuinesiportescortes.es\/wp-content\/uploads\/2023\/06\/20150206_190241-1024x768.jpg 1024w, https:\/\/cuinesiportescortes.es\/wp-content\/uploads\/2023\/06\/20150206_190241-300x225.jpg 300w, https:\/\/cuinesiportescortes.es\/wp-content\/uploads\/2023\/06\/20150206_190241-768x576.jpg 768w, https:\/\/cuinesiportescortes.es\/wp-content\/uploads\/2023\/06\/20150206_190241-1536x1152.jpg 1536w, https:\/\/cuinesiportescortes.es\/wp-content\/uploads\/2023\/06\/20150206_190241-2048x1536.jpg 2048w\" sizes=\"(max-width: 1024px) 100vw, 1024px\" \/><\/figure>\n<\/div><\/div>\n<\/div><\/div>\n\n\n\n<div class=\"wp-block-uagb-slider-child uagb-slider-child-wrap swiper-slide uagb-block-92939117-cf2e-44d8-9545-d3656a596a17\"><div class=\"swiper-content\">\n<div class=\"wp-block-uagb-container uagb-block-3b7e8d55 alignfull uagb-is-root-container\"><div class=\"uagb-container-inner-blocks-wrap\">\n<figure class=\"wp-block-image size-large\"><img decoding=\"async\" loading=\"lazy\" width=\"1024\" height=\"768\" src=\"http:\/\/cuinesiportescortes.es\/wp-content\/uploads\/2023\/06\/IMG-20230601-WA0036-1024x768.jpg\" alt=\"\" class=\"wp-image-1827\" srcset=\"https:\/\/cuinesiportescortes.es\/wp-content\/uploads\/2023\/06\/IMG-20230601-WA0036-1024x768.jpg 1024w, https:\/\/cuinesiportescortes.es\/wp-content\/uploads\/2023\/06\/IMG-20230601-WA0036-300x225.jpg 300w, https:\/\/cuinesiportescortes.es\/wp-content\/uploads\/2023\/06\/IMG-20230601-WA0036-768x576.jpg 768w, https:\/\/cuinesiportescortes.es\/wp-content\/uploads\/2023\/06\/IMG-20230601-WA0036-1536x1152.jpg 1536w, https:\/\/cuinesiportescortes.es\/wp-content\/uploads\/2023\/06\/IMG-20230601-WA0036.jpg 2016w\" sizes=\"(max-width: 1024px) 100vw, 1024px\" \/><\/figure>\n<\/div><\/div>\n<\/div><\/div>\n\n\n\n<div class=\"wp-block-uagb-slider-child uagb-slider-child-wrap swiper-slide uagb-block-ab07918c-f456-4bb4-ad3c-d7be3b267162\"><div class=\"swiper-content\">\n<div class=\"wp-block-uagb-container uagb-block-6381573c alignfull uagb-is-root-container\"><div class=\"uagb-container-inner-blocks-wrap\">\n<figure class=\"wp-block-image size-large\"><img decoding=\"async\" loading=\"lazy\" width=\"1024\" height=\"768\" src=\"http:\/\/cuinesiportescortes.es\/wp-content\/uploads\/2023\/06\/IMG-20230601-WA0030-1024x768.jpg\" alt=\"\" class=\"wp-image-1821\" srcset=\"https:\/\/cuinesiportescortes.es\/wp-content\/uploads\/2023\/06\/IMG-20230601-WA0030-1024x768.jpg 1024w, https:\/\/cuinesiportescortes.es\/wp-content\/uploads\/2023\/06\/IMG-20230601-WA0030-300x225.jpg 300w, https:\/\/cuinesiportescortes.es\/wp-content\/uploads\/2023\/06\/IMG-20230601-WA0030-768x576.jpg 768w, https:\/\/cuinesiportescortes.es\/wp-content\/uploads\/2023\/06\/IMG-20230601-WA0030-1536x1152.jpg 1536w, https:\/\/cuinesiportescortes.es\/wp-content\/uploads\/2023\/06\/IMG-20230601-WA0030.jpg 2016w\" sizes=\"(max-width: 1024px) 100vw, 1024px\" \/><\/figure>\n<\/div><\/div>\n<\/div><\/div>\n\n\n\n<div class=\"wp-block-uagb-slider-child uagb-slider-child-wrap swiper-slide uagb-block-daf18225-e77e-493b-bf46-7a78c0efc8a9\"><div class=\"swiper-content\">\n<div class=\"wp-block-uagb-container uagb-block-16d843fb alignfull uagb-is-root-container\"><div class=\"uagb-container-inner-blocks-wrap\">\n<figure class=\"wp-block-image size-large\"><img decoding=\"async\" loading=\"lazy\" width=\"1024\" height=\"768\" src=\"http:\/\/cuinesiportescortes.es\/wp-content\/uploads\/2023\/06\/IMG-20230601-WA0029-1024x768.jpg\" alt=\"\" class=\"wp-image-1820\" srcset=\"https:\/\/cuinesiportescortes.es\/wp-content\/uploads\/2023\/06\/IMG-20230601-WA0029-1024x768.jpg 1024w, https:\/\/cuinesiportescortes.es\/wp-content\/uploads\/2023\/06\/IMG-20230601-WA0029-300x225.jpg 300w, https:\/\/cuinesiportescortes.es\/wp-content\/uploads\/2023\/06\/IMG-20230601-WA0029-768x576.jpg 768w, https:\/\/cuinesiportescortes.es\/wp-content\/uploads\/2023\/06\/IMG-20230601-WA0029-1536x1152.jpg 1536w, https:\/\/cuinesiportescortes.es\/wp-content\/uploads\/2023\/06\/IMG-20230601-WA0029.jpg 2016w\" sizes=\"(max-width: 1024px) 100vw, 1024px\" \/><\/figure>\n<\/div><\/div>\n<\/div><\/div>\n<\/div><\/div><div class=\"swiper-pagination\"><\/div><div class=\"swiper-button-prev\"><\/div><div class=\"swiper-button-next\"><\/div><\/div>\n","protected":false},"excerpt":{"rendered":"<p>Si tienes una idea , nosotros te ayudamos a hacerla realidad en nuestra carpinter\u00eda. Podemos ofrecerte toda nuestra experiencia en la fabricaci\u00f3n de muebles a medida, como dormitorios, c\u00f3modas, estanter\u00edas , mesas de estudio , mesas de TV ,muebles de ba\u00f1o , etc.&nbsp;<\/p>\n","protected":false},"author":1,"featured_media":0,"parent":0,"menu_order":0,"comment_status":"closed","ping_status":"closed","template":"","meta":{"_uag_custom_page_level_css":"","site-sidebar-layout":"default","site-content-layout":"default","ast-global-header-display":"","ast-banner-title-visibility":"","ast-main-header-display":"","ast-hfb-above-header-display":"","ast-hfb-below-header-display":"","ast-hfb-mobile-header-display":"","site-post-title":"","ast-breadcrumbs-content":"","ast-featured-img":"","footer-sml-layout":"","theme-transparent-header-meta":"","adv-header-id-meta":"","stick-header-meta":"","header-above-stick-meta":"","header-main-stick-meta":"","header-below-stick-meta":""},"yoast_head":"<!-- This site is optimized with the Yoast SEO plugin v21.6 - https:\/\/yoast.com\/wordpress\/plugins\/seo\/ -->\n<title>MUEBLES A MEDIDA - Carpinteria Cuines i Portes Cortes Cocinas puertas armarios obra publica<\/title>\n<meta name=\"description\" content=\"Carpinteria Cuines i portes Cortes Cocinas puertas armarios obra publica\" \/>\n<meta name=\"robots\" content=\"index, follow, max-snippet:-1, max-image-preview:large, max-video-preview:-1\" \/>\n<link rel=\"canonical\" href=\"https:\/\/cuinesiportescortes.es\/index.php\/muebles\/\" \/>\n<meta property=\"og:locale\" content=\"es_ES\" \/>\n<meta property=\"og:type\" content=\"article\" \/>\n<meta property=\"og:title\" content=\"MUEBLES A MEDIDA - Carpinteria Cuines i Portes Cortes Cocinas puertas armarios obra publica\" \/>\n<meta property=\"og:description\" content=\"Carpinteria Cuines i portes Cortes Cocinas puertas armarios obra publica\" \/>\n<meta property=\"og:url\" content=\"https:\/\/cuinesiportescortes.es\/index.php\/muebles\/\" \/>\n<meta property=\"og:site_name\" content=\"Carpinteria Cuines i Portes Cortes Cocinas puertas armarios obra publica\" \/>\n<meta property=\"article:modified_time\" content=\"2023-10-31T11:05:12+00:00\" \/>\n<meta property=\"og:image\" content=\"http:\/\/cuinesiportescortes.es\/wp-content\/uploads\/2023\/06\/20140630_155858-1024x768.jpg\" \/>\n<meta name=\"twitter:card\" content=\"summary_large_image\" \/>\n<meta name=\"twitter:label1\" content=\"Tiempo de lectura\" \/>\n\t<meta name=\"twitter:data1\" content=\"2 minutos\" \/>\n<script type=\"application\/ld+json\" class=\"yoast-schema-graph\">{\"@context\":\"https:\/\/schema.org\",\"@graph\":[{\"@type\":\"WebPage\",\"@id\":\"https:\/\/cuinesiportescortes.es\/index.php\/muebles\/\",\"url\":\"https:\/\/cuinesiportescortes.es\/index.php\/muebles\/\",\"name\":\"MUEBLES A MEDIDA - Carpinteria Cuines i Portes Cortes Cocinas puertas armarios obra publica\",\"isPartOf\":{\"@id\":\"https:\/\/cuinesiportescortes.es\/#website\"},\"datePublished\":\"2023-04-24T10:54:49+00:00\",\"dateModified\":\"2023-10-31T11:05:12+00:00\",\"description\":\"Carpinteria Cuines i portes Cortes Cocinas puertas armarios obra publica\",\"breadcrumb\":{\"@id\":\"https:\/\/cuinesiportescortes.es\/index.php\/muebles\/#breadcrumb\"},\"inLanguage\":\"es\",\"potentialAction\":[{\"@type\":\"ReadAction\",\"target\":[\"https:\/\/cuinesiportescortes.es\/index.php\/muebles\/\"]}]},{\"@type\":\"BreadcrumbList\",\"@id\":\"https:\/\/cuinesiportescortes.es\/index.php\/muebles\/#breadcrumb\",\"itemListElement\":[{\"@type\":\"ListItem\",\"position\":1,\"name\":\"Portada\",\"item\":\"https:\/\/cuinesiportescortes.es\/\"},{\"@type\":\"ListItem\",\"position\":2,\"name\":\"MUEBLES A MEDIDA\"}]},{\"@type\":\"WebSite\",\"@id\":\"https:\/\/cuinesiportescortes.es\/#website\",\"url\":\"https:\/\/cuinesiportescortes.es\/\",\"name\":\"Carpinteria Cuines i Portes Cortes Cocinas puertas armarios obra publica\",\"description\":\"Carpinteria Cuines i Portes Cortes Cocinas puertas armarios obra publica\",\"publisher\":{\"@id\":\"https:\/\/cuinesiportescortes.es\/#organization\"},\"potentialAction\":[{\"@type\":\"SearchAction\",\"target\":{\"@type\":\"EntryPoint\",\"urlTemplate\":\"https:\/\/cuinesiportescortes.es\/?s={search_term_string}\"},\"query-input\":\"required name=search_term_string\"}],\"inLanguage\":\"es\"},{\"@type\":\"Organization\",\"@id\":\"https:\/\/cuinesiportescortes.es\/#organization\",\"name\":\"Carpinteria Cuines i Portes Cortes Cocinas puertas armarios obra publica\",\"url\":\"https:\/\/cuinesiportescortes.es\/\",\"logo\":{\"@type\":\"ImageObject\",\"inLanguage\":\"es\",\"@id\":\"https:\/\/cuinesiportescortes.es\/#\/schema\/logo\/image\/\",\"url\":\"https:\/\/cuinesiportescortes.es\/wp-content\/uploads\/2023\/11\/cropped-Logo_Cuines_PortesCortes_nuevo3-1.png\",\"contentUrl\":\"https:\/\/cuinesiportescortes.es\/wp-content\/uploads\/2023\/11\/cropped-Logo_Cuines_PortesCortes_nuevo3-1.png\",\"width\":154,\"height\":153,\"caption\":\"Carpinteria Cuines i Portes Cortes Cocinas puertas armarios obra publica\"},\"image\":{\"@id\":\"https:\/\/cuinesiportescortes.es\/#\/schema\/logo\/image\/\"}}]}<\/script>\n<!-- \/ Yoast SEO plugin. -->","yoast_head_json":{"title":"MUEBLES A MEDIDA - Carpinteria Cuines i Portes Cortes Cocinas puertas armarios obra publica","description":"Carpinteria Cuines i portes Cortes Cocinas puertas armarios obra publica","robots":{"index":"index","follow":"follow","max-snippet":"max-snippet:-1","max-image-preview":"max-image-preview:large","max-video-preview":"max-video-preview:-1"},"canonical":"https:\/\/cuinesiportescortes.es\/index.php\/muebles\/","og_locale":"es_ES","og_type":"article","og_title":"MUEBLES A MEDIDA - Carpinteria Cuines i Portes Cortes Cocinas puertas armarios obra publica","og_description":"Carpinteria Cuines i portes Cortes Cocinas puertas armarios obra publica","og_url":"https:\/\/cuinesiportescortes.es\/index.php\/muebles\/","og_site_name":"Carpinteria Cuines i Portes Cortes Cocinas puertas armarios obra publica","article_modified_time":"2023-10-31T11:05:12+00:00","og_image":[{"url":"http:\/\/cuinesiportescortes.es\/wp-content\/uploads\/2023\/06\/20140630_155858-1024x768.jpg"}],"twitter_card":"summary_large_image","twitter_misc":{"Tiempo de lectura":"2 minutos"},"schema":{"@context":"https:\/\/schema.org","@graph":[{"@type":"WebPage","@id":"https:\/\/cuinesiportescortes.es\/index.php\/muebles\/","url":"https:\/\/cuinesiportescortes.es\/index.php\/muebles\/","name":"MUEBLES A MEDIDA - Carpinteria Cuines i Portes Cortes Cocinas puertas armarios obra publica","isPartOf":{"@id":"https:\/\/cuinesiportescortes.es\/#website"},"datePublished":"2023-04-24T10:54:49+00:00","dateModified":"2023-10-31T11:05:12+00:00","description":"Carpinteria Cuines i portes Cortes Cocinas puertas armarios obra publica","breadcrumb":{"@id":"https:\/\/cuinesiportescortes.es\/index.php\/muebles\/#breadcrumb"},"inLanguage":"es","potentialAction":[{"@type":"ReadAction","target":["https:\/\/cuinesiportescortes.es\/index.php\/muebles\/"]}]},{"@type":"BreadcrumbList","@id":"https:\/\/cuinesiportescortes.es\/index.php\/muebles\/#breadcrumb","itemListElement":[{"@type":"ListItem","position":1,"name":"Portada","item":"https:\/\/cuinesiportescortes.es\/"},{"@type":"ListItem","position":2,"name":"MUEBLES A MEDIDA"}]},{"@type":"WebSite","@id":"https:\/\/cuinesiportescortes.es\/#website","url":"https:\/\/cuinesiportescortes.es\/","name":"Carpinteria Cuines i Portes Cortes Cocinas puertas armarios obra publica","description":"Carpinteria Cuines i Portes Cortes Cocinas puertas armarios obra publica","publisher":{"@id":"https:\/\/cuinesiportescortes.es\/#organization"},"potentialAction":[{"@type":"SearchAction","target":{"@type":"EntryPoint","urlTemplate":"https:\/\/cuinesiportescortes.es\/?s={search_term_string}"},"query-input":"required name=search_term_string"}],"inLanguage":"es"},{"@type":"Organization","@id":"https:\/\/cuinesiportescortes.es\/#organization","name":"Carpinteria Cuines i Portes Cortes Cocinas puertas armarios obra publica","url":"https:\/\/cuinesiportescortes.es\/","logo":{"@type":"ImageObject","inLanguage":"es","@id":"https:\/\/cuinesiportescortes.es\/#\/schema\/logo\/image\/","url":"https:\/\/cuinesiportescortes.es\/wp-content\/uploads\/2023\/11\/cropped-Logo_Cuines_PortesCortes_nuevo3-1.png","contentUrl":"https:\/\/cuinesiportescortes.es\/wp-content\/uploads\/2023\/11\/cropped-Logo_Cuines_PortesCortes_nuevo3-1.png","width":154,"height":153,"caption":"Carpinteria Cuines i Portes Cortes Cocinas puertas armarios obra publica"},"image":{"@id":"https:\/\/cuinesiportescortes.es\/#\/schema\/logo\/image\/"}}]}},"uagb_featured_image_src":{"full":false,"thumbnail":false,"medium":false,"medium_large":false,"large":false,"1536x1536":false,"2048x2048":false},"uagb_author_info":{"display_name":"jvtogomez@gmail.com","author_link":"https:\/\/cuinesiportescortes.es\/index.php\/author\/jvtogomezgmail-com\/"},"uagb_comment_info":0,"uagb_excerpt":"Si tienes una idea , nosotros te ayudamos a hacerla realidad en nuestra carpinter\u00eda. Podemos ofrecerte toda nuestra experiencia en la fabricaci\u00f3n de muebles a medida, como dormitorios, c\u00f3modas, estanter\u00edas , mesas de estudio , mesas de TV ,muebles de ba\u00f1o , etc.&nbsp;","_links":{"self":[{"href":"https:\/\/cuinesiportescortes.es\/index.php\/wp-json\/wp\/v2\/pages\/1402"}],"collection":[{"href":"https:\/\/cuinesiportescortes.es\/index.php\/wp-json\/wp\/v2\/pages"}],"about":[{"href":"https:\/\/cuinesiportescortes.es\/index.php\/wp-json\/wp\/v2\/types\/page"}],"author":[{"embeddable":true,"href":"https:\/\/cuinesiportescortes.es\/index.php\/wp-json\/wp\/v2\/users\/1"}],"replies":[{"embeddable":true,"href":"https:\/\/cuinesiportescortes.es\/index.php\/wp-json\/wp\/v2\/comments?post=1402"}],"version-history":[{"count":5,"href":"https:\/\/cuinesiportescortes.es\/index.php\/wp-json\/wp\/v2\/pages\/1402\/revisions"}],"predecessor-version":[{"id":2040,"href":"https:\/\/cuinesiportescortes.es\/index.php\/wp-json\/wp\/v2\/pages\/1402\/revisions\/2040"}],"wp:attachment":[{"href":"https:\/\/cuinesiportescortes.es\/index.php\/wp-json\/wp\/v2\/media?parent=1402"}],"curies":[{"name":"wp","href":"https:\/\/api.w.org\/{rel}","templated":true}]}}