{"id":1923,"date":"2023-07-25T18:20:51","date_gmt":"2023-07-25T16:20:51","guid":{"rendered":"https:\/\/cuinesiportescortes.es\/?page_id=1923"},"modified":"2023-10-31T12:05:30","modified_gmt":"2023-10-31T11:05:30","slug":"puertas-2","status":"publish","type":"page","link":"https:\/\/cuinesiportescortes.es\/index.php\/puertas-2\/","title":{"rendered":"PUERTAS"},"content":{"rendered":"\n<h4 class=\"wp-block-heading\">Encontrar\u00e1s todos los estilos tanto en puertas de exterior como de interior.&nbsp;<\/h4>\n\n\n\n<h4 class=\"wp-block-heading\"><br>Disponemos de una gran variedad de dise\u00f1os (cl\u00e1sicas, modernas, lacadas, etc.) y&nbsp;diferentes modelos en puertas de madera maciza (abatibles, correderas, plegables, t\u00e9cnicas, etc.)<\/h4>\n\n\n\n<div class=\"wp-block-uagb-slider uagb-block-e62654fd uagb-slider-container\"><div class=\"uagb-slides uagb-swiper\"><div class=\"swiper-wrapper\">\n<div class=\"wp-block-uagb-slider-child uagb-slider-child-wrap swiper-slide uagb-block-6309d9df-97a1-4eda-b449-55f95b33080e\"><div class=\"swiper-content\">\n<div class=\"wp-block-uagb-container uagb-block-274e62b5 alignfull uagb-is-root-container\"><div class=\"uagb-container-inner-blocks-wrap\">\n<figure class=\"wp-block-image size-large\"><img decoding=\"async\" loading=\"lazy\" width=\"768\" height=\"1024\" src=\"http:\/\/cuinesiportescortes.es\/wp-content\/uploads\/2023\/06\/IMG-20230601-WA0015-768x1024.jpg\" alt=\"\" class=\"wp-image-1838\" srcset=\"https:\/\/cuinesiportescortes.es\/wp-content\/uploads\/2023\/06\/IMG-20230601-WA0015-768x1024.jpg 768w, https:\/\/cuinesiportescortes.es\/wp-content\/uploads\/2023\/06\/IMG-20230601-WA0015-225x300.jpg 225w, https:\/\/cuinesiportescortes.es\/wp-content\/uploads\/2023\/06\/IMG-20230601-WA0015-1152x1536.jpg 1152w, https:\/\/cuinesiportescortes.es\/wp-content\/uploads\/2023\/06\/IMG-20230601-WA0015.jpg 1500w\" sizes=\"(max-width: 768px) 100vw, 768px\" \/><\/figure>\n<\/div><\/div>\n<\/div><\/div>\n\n\n\n<div class=\"wp-block-uagb-slider-child uagb-slider-child-wrap swiper-slide uagb-block-8fdf1519-d9fa-4a3f-81f0-42755a7f34e5\"><div class=\"swiper-content\">\n<div class=\"wp-block-uagb-container uagb-block-395553f3 alignfull uagb-is-root-container\"><div class=\"uagb-container-inner-blocks-wrap\">\n<figure class=\"wp-block-image size-large\"><img decoding=\"async\" loading=\"lazy\" width=\"768\" height=\"1024\" src=\"http:\/\/cuinesiportescortes.es\/wp-content\/uploads\/2023\/06\/IMG-20230601-WA0023-768x1024.jpg\" alt=\"\" class=\"wp-image-1830\" srcset=\"https:\/\/cuinesiportescortes.es\/wp-content\/uploads\/2023\/06\/IMG-20230601-WA0023-768x1024.jpg 768w, https:\/\/cuinesiportescortes.es\/wp-content\/uploads\/2023\/06\/IMG-20230601-WA0023-225x300.jpg 225w, https:\/\/cuinesiportescortes.es\/wp-content\/uploads\/2023\/06\/IMG-20230601-WA0023-1152x1536.jpg 1152w, https:\/\/cuinesiportescortes.es\/wp-content\/uploads\/2023\/06\/IMG-20230601-WA0023.jpg 1512w\" sizes=\"(max-width: 768px) 100vw, 768px\" \/><\/figure>\n<\/div><\/div>\n<\/div><\/div>\n<\/div><\/div><div class=\"swiper-pagination\"><\/div><div class=\"swiper-button-prev\"><\/div><div class=\"swiper-button-next\"><\/div><\/div>\n","protected":false},"excerpt":{"rendered":"<p>Encontrar\u00e1s todos los estilos tanto en puertas de exterior como de interior.&nbsp; Disponemos de una gran variedad de dise\u00f1os (cl\u00e1sicas, modernas, lacadas, etc.) y&nbsp;diferentes modelos en puertas de madera maciza (abatibles, correderas, plegables, t\u00e9cnicas, etc.)<\/p>\n","protected":false},"author":1,"featured_media":0,"parent":0,"menu_order":0,"comment_status":"closed","ping_status":"closed","template":"","meta":{"_uag_custom_page_level_css":"","site-sidebar-layout":"default","site-content-layout":"default","ast-global-header-display":"","ast-banner-title-visibility":"","ast-main-header-display":"","ast-hfb-above-header-display":"","ast-hfb-below-header-display":"","ast-hfb-mobile-header-display":"","site-post-title":"","ast-breadcrumbs-content":"","ast-featured-img":"","footer-sml-layout":"","theme-transparent-header-meta":"","adv-header-id-meta":"","stick-header-meta":"","header-above-stick-meta":"","header-main-stick-meta":"","header-below-stick-meta":""},"yoast_head":"<!-- This site is optimized with the Yoast SEO plugin v21.6 - https:\/\/yoast.com\/wordpress\/plugins\/seo\/ -->\n<title>PUERTAS - Carpinteria Cuines i Portes Cortes Cocinas puertas armarios obra publica<\/title>\n<meta name=\"description\" content=\"Carpinteria Cuines i portes Cortes Cocinas puertas armarios obra publica\" \/>\n<meta name=\"robots\" content=\"index, follow, max-snippet:-1, max-image-preview:large, max-video-preview:-1\" \/>\n<link rel=\"canonical\" href=\"https:\/\/cuinesiportescortes.es\/index.php\/puertas-2\/\" \/>\n<meta property=\"og:locale\" content=\"es_ES\" \/>\n<meta property=\"og:type\" content=\"article\" \/>\n<meta property=\"og:title\" content=\"PUERTAS - Carpinteria Cuines i Portes Cortes Cocinas puertas armarios obra publica\" \/>\n<meta property=\"og:description\" content=\"Carpinteria Cuines i portes Cortes Cocinas puertas armarios obra publica\" \/>\n<meta property=\"og:url\" content=\"https:\/\/cuinesiportescortes.es\/index.php\/puertas-2\/\" \/>\n<meta property=\"og:site_name\" content=\"Carpinteria Cuines i Portes Cortes Cocinas puertas armarios obra publica\" \/>\n<meta property=\"article:modified_time\" content=\"2023-10-31T11:05:30+00:00\" \/>\n<meta property=\"og:image\" content=\"http:\/\/cuinesiportescortes.es\/wp-content\/uploads\/2023\/06\/IMG-20230601-WA0015-768x1024.jpg\" \/>\n<meta name=\"twitter:card\" content=\"summary_large_image\" \/>\n<meta name=\"twitter:label1\" content=\"Tiempo de lectura\" \/>\n\t<meta name=\"twitter:data1\" content=\"1 minuto\" \/>\n<script type=\"application\/ld+json\" class=\"yoast-schema-graph\">{\"@context\":\"https:\/\/schema.org\",\"@graph\":[{\"@type\":\"WebPage\",\"@id\":\"https:\/\/cuinesiportescortes.es\/index.php\/puertas-2\/\",\"url\":\"https:\/\/cuinesiportescortes.es\/index.php\/puertas-2\/\",\"name\":\"PUERTAS - Carpinteria Cuines i Portes Cortes Cocinas puertas armarios obra publica\",\"isPartOf\":{\"@id\":\"https:\/\/cuinesiportescortes.es\/#website\"},\"datePublished\":\"2023-07-25T16:20:51+00:00\",\"dateModified\":\"2023-10-31T11:05:30+00:00\",\"description\":\"Carpinteria Cuines i portes Cortes Cocinas puertas armarios obra publica\",\"breadcrumb\":{\"@id\":\"https:\/\/cuinesiportescortes.es\/index.php\/puertas-2\/#breadcrumb\"},\"inLanguage\":\"es\",\"potentialAction\":[{\"@type\":\"ReadAction\",\"target\":[\"https:\/\/cuinesiportescortes.es\/index.php\/puertas-2\/\"]}]},{\"@type\":\"BreadcrumbList\",\"@id\":\"https:\/\/cuinesiportescortes.es\/index.php\/puertas-2\/#breadcrumb\",\"itemListElement\":[{\"@type\":\"ListItem\",\"position\":1,\"name\":\"Portada\",\"item\":\"https:\/\/cuinesiportescortes.es\/\"},{\"@type\":\"ListItem\",\"position\":2,\"name\":\"PUERTAS\"}]},{\"@type\":\"WebSite\",\"@id\":\"https:\/\/cuinesiportescortes.es\/#website\",\"url\":\"https:\/\/cuinesiportescortes.es\/\",\"name\":\"Carpinteria Cuines i Portes Cortes Cocinas puertas armarios obra publica\",\"description\":\"Carpinteria Cuines i Portes Cortes Cocinas puertas armarios obra publica\",\"publisher\":{\"@id\":\"https:\/\/cuinesiportescortes.es\/#organization\"},\"potentialAction\":[{\"@type\":\"SearchAction\",\"target\":{\"@type\":\"EntryPoint\",\"urlTemplate\":\"https:\/\/cuinesiportescortes.es\/?s={search_term_string}\"},\"query-input\":\"required name=search_term_string\"}],\"inLanguage\":\"es\"},{\"@type\":\"Organization\",\"@id\":\"https:\/\/cuinesiportescortes.es\/#organization\",\"name\":\"Carpinteria Cuines i Portes Cortes Cocinas puertas armarios obra publica\",\"url\":\"https:\/\/cuinesiportescortes.es\/\",\"logo\":{\"@type\":\"ImageObject\",\"inLanguage\":\"es\",\"@id\":\"https:\/\/cuinesiportescortes.es\/#\/schema\/logo\/image\/\",\"url\":\"https:\/\/cuinesiportescortes.es\/wp-content\/uploads\/2023\/11\/cropped-Logo_Cuines_PortesCortes_nuevo3-1.png\",\"contentUrl\":\"https:\/\/cuinesiportescortes.es\/wp-content\/uploads\/2023\/11\/cropped-Logo_Cuines_PortesCortes_nuevo3-1.png\",\"width\":154,\"height\":153,\"caption\":\"Carpinteria Cuines i Portes Cortes Cocinas puertas armarios obra publica\"},\"image\":{\"@id\":\"https:\/\/cuinesiportescortes.es\/#\/schema\/logo\/image\/\"}}]}<\/script>\n<!-- \/ Yoast SEO plugin. -->","yoast_head_json":{"title":"PUERTAS - Carpinteria Cuines i Portes Cortes Cocinas puertas armarios obra publica","description":"Carpinteria Cuines i portes Cortes Cocinas puertas armarios obra publica","robots":{"index":"index","follow":"follow","max-snippet":"max-snippet:-1","max-image-preview":"max-image-preview:large","max-video-preview":"max-video-preview:-1"},"canonical":"https:\/\/cuinesiportescortes.es\/index.php\/puertas-2\/","og_locale":"es_ES","og_type":"article","og_title":"PUERTAS - Carpinteria Cuines i Portes Cortes Cocinas puertas armarios obra publica","og_description":"Carpinteria Cuines i portes Cortes Cocinas puertas armarios obra publica","og_url":"https:\/\/cuinesiportescortes.es\/index.php\/puertas-2\/","og_site_name":"Carpinteria Cuines i Portes Cortes Cocinas puertas armarios obra publica","article_modified_time":"2023-10-31T11:05:30+00:00","og_image":[{"url":"http:\/\/cuinesiportescortes.es\/wp-content\/uploads\/2023\/06\/IMG-20230601-WA0015-768x1024.jpg"}],"twitter_card":"summary_large_image","twitter_misc":{"Tiempo de lectura":"1 minuto"},"schema":{"@context":"https:\/\/schema.org","@graph":[{"@type":"WebPage","@id":"https:\/\/cuinesiportescortes.es\/index.php\/puertas-2\/","url":"https:\/\/cuinesiportescortes.es\/index.php\/puertas-2\/","name":"PUERTAS - Carpinteria Cuines i Portes Cortes Cocinas puertas armarios obra publica","isPartOf":{"@id":"https:\/\/cuinesiportescortes.es\/#website"},"datePublished":"2023-07-25T16:20:51+00:00","dateModified":"2023-10-31T11:05:30+00:00","description":"Carpinteria Cuines i portes Cortes Cocinas puertas armarios obra publica","breadcrumb":{"@id":"https:\/\/cuinesiportescortes.es\/index.php\/puertas-2\/#breadcrumb"},"inLanguage":"es","potentialAction":[{"@type":"ReadAction","target":["https:\/\/cuinesiportescortes.es\/index.php\/puertas-2\/"]}]},{"@type":"BreadcrumbList","@id":"https:\/\/cuinesiportescortes.es\/index.php\/puertas-2\/#breadcrumb","itemListElement":[{"@type":"ListItem","position":1,"name":"Portada","item":"https:\/\/cuinesiportescortes.es\/"},{"@type":"ListItem","position":2,"name":"PUERTAS"}]},{"@type":"WebSite","@id":"https:\/\/cuinesiportescortes.es\/#website","url":"https:\/\/cuinesiportescortes.es\/","name":"Carpinteria Cuines i Portes Cortes Cocinas puertas armarios obra publica","description":"Carpinteria Cuines i Portes Cortes Cocinas puertas armarios obra publica","publisher":{"@id":"https:\/\/cuinesiportescortes.es\/#organization"},"potentialAction":[{"@type":"SearchAction","target":{"@type":"EntryPoint","urlTemplate":"https:\/\/cuinesiportescortes.es\/?s={search_term_string}"},"query-input":"required name=search_term_string"}],"inLanguage":"es"},{"@type":"Organization","@id":"https:\/\/cuinesiportescortes.es\/#organization","name":"Carpinteria Cuines i Portes Cortes Cocinas puertas armarios obra publica","url":"https:\/\/cuinesiportescortes.es\/","logo":{"@type":"ImageObject","inLanguage":"es","@id":"https:\/\/cuinesiportescortes.es\/#\/schema\/logo\/image\/","url":"https:\/\/cuinesiportescortes.es\/wp-content\/uploads\/2023\/11\/cropped-Logo_Cuines_PortesCortes_nuevo3-1.png","contentUrl":"https:\/\/cuinesiportescortes.es\/wp-content\/uploads\/2023\/11\/cropped-Logo_Cuines_PortesCortes_nuevo3-1.png","width":154,"height":153,"caption":"Carpinteria Cuines i Portes Cortes Cocinas puertas armarios obra publica"},"image":{"@id":"https:\/\/cuinesiportescortes.es\/#\/schema\/logo\/image\/"}}]}},"uagb_featured_image_src":{"full":false,"thumbnail":false,"medium":false,"medium_large":false,"large":false,"1536x1536":false,"2048x2048":false},"uagb_author_info":{"display_name":"jvtogomez@gmail.com","author_link":"https:\/\/cuinesiportescortes.es\/index.php\/author\/jvtogomezgmail-com\/"},"uagb_comment_info":0,"uagb_excerpt":"Encontrar\u00e1s todos los estilos tanto en puertas de exterior como de interior.&nbsp; Disponemos de una gran variedad de dise\u00f1os (cl\u00e1sicas, modernas, lacadas, etc.) y&nbsp;diferentes modelos en puertas de madera maciza (abatibles, correderas, plegables, t\u00e9cnicas, etc.)","_links":{"self":[{"href":"https:\/\/cuinesiportescortes.es\/index.php\/wp-json\/wp\/v2\/pages\/1923"}],"collection":[{"href":"https:\/\/cuinesiportescortes.es\/index.php\/wp-json\/wp\/v2\/pages"}],"about":[{"href":"https:\/\/cuinesiportescortes.es\/index.php\/wp-json\/wp\/v2\/types\/page"}],"author":[{"embeddable":true,"href":"https:\/\/cuinesiportescortes.es\/index.php\/wp-json\/wp\/v2\/users\/1"}],"replies":[{"embeddable":true,"href":"https:\/\/cuinesiportescortes.es\/index.php\/wp-json\/wp\/v2\/comments?post=1923"}],"version-history":[{"count":4,"href":"https:\/\/cuinesiportescortes.es\/index.php\/wp-json\/wp\/v2\/pages\/1923\/revisions"}],"predecessor-version":[{"id":2042,"href":"https:\/\/cuinesiportescortes.es\/index.php\/wp-json\/wp\/v2\/pages\/1923\/revisions\/2042"}],"wp:attachment":[{"href":"https:\/\/cuinesiportescortes.es\/index.php\/wp-json\/wp\/v2\/media?parent=1923"}],"curies":[{"name":"wp","href":"https:\/\/api.w.org\/{rel}","templated":true}]}}