{"id":1935,"date":"2023-07-25T18:29:02","date_gmt":"2023-07-25T16:29:02","guid":{"rendered":"https:\/\/cuinesiportescortes.es\/?page_id=1935"},"modified":"2023-10-31T12:05:20","modified_gmt":"2023-10-31T11:05:20","slug":"obra-publica","status":"publish","type":"page","link":"https:\/\/cuinesiportescortes.es\/index.php\/obra-publica\/","title":{"rendered":"OBRA PUBLICA"},"content":{"rendered":"\n<h5 class=\"wp-block-heading\">Realizamos todo tipo de trabajos relativos al sector de la carpinter\u00eda en obras p\u00fablicas. Trabajamos en hospitales, colegios , ayuntamientos y todo tipo de edificios p\u00fablicos.<\/h5>\n\n\n\n<h5 class=\"wp-block-heading\">Contamos con los medios t\u00e9cnicos y humanos para dar servicio tanto a nivel local, regional como nacional.&nbsp;<\/h5>\n\n\n\n<h5 class=\"wp-block-heading\">Todos nuestros proyectos se elaboran con material de primera calidad, garantizando el mejor de los resultados.<\/h5>\n\n\n\n<div class=\"wp-block-uagb-slider uagb-block-4df08b97 uagb-slider-container\"><div class=\"uagb-slides uagb-swiper\"><div class=\"swiper-wrapper\">\n<div class=\"wp-block-uagb-slider-child uagb-slider-child-wrap swiper-slide uagb-block-1cc4872f-99fb-4ad1-84db-f2e88526e785\"><div class=\"swiper-content\">\n<div class=\"wp-block-uagb-container uagb-block-83af3603 alignfull uagb-is-root-container\"><div class=\"uagb-container-inner-blocks-wrap\">\n<figure class=\"wp-block-image size-large\"><img decoding=\"async\" loading=\"lazy\" width=\"1024\" height=\"768\" src=\"http:\/\/cuinesiportescortes.es\/wp-content\/uploads\/2023\/06\/2013-09-03-20.05.12-1024x768.jpg\" alt=\"\" class=\"wp-image-1855\" srcset=\"https:\/\/cuinesiportescortes.es\/wp-content\/uploads\/2023\/06\/2013-09-03-20.05.12-1024x768.jpg 1024w, https:\/\/cuinesiportescortes.es\/wp-content\/uploads\/2023\/06\/2013-09-03-20.05.12-300x225.jpg 300w, https:\/\/cuinesiportescortes.es\/wp-content\/uploads\/2023\/06\/2013-09-03-20.05.12-768x576.jpg 768w, https:\/\/cuinesiportescortes.es\/wp-content\/uploads\/2023\/06\/2013-09-03-20.05.12-1536x1152.jpg 1536w, https:\/\/cuinesiportescortes.es\/wp-content\/uploads\/2023\/06\/2013-09-03-20.05.12.jpg 2048w\" sizes=\"(max-width: 1024px) 100vw, 1024px\" \/><\/figure>\n<\/div><\/div>\n<\/div><\/div>\n\n\n\n<div class=\"wp-block-uagb-slider-child uagb-slider-child-wrap swiper-slide uagb-block-4965cf60-0406-4a04-a88d-e5d6671463a3\"><div class=\"swiper-content\">\n<div class=\"wp-block-uagb-container uagb-block-34106058 alignfull uagb-is-root-container\"><div class=\"uagb-container-inner-blocks-wrap\">\n<figure class=\"wp-block-image size-large\"><img decoding=\"async\" loading=\"lazy\" width=\"1024\" height=\"768\" src=\"http:\/\/cuinesiportescortes.es\/wp-content\/uploads\/2023\/06\/2013-09-04-13.14.38-1024x768.jpg\" alt=\"\" class=\"wp-image-1854\" srcset=\"https:\/\/cuinesiportescortes.es\/wp-content\/uploads\/2023\/06\/2013-09-04-13.14.38-1024x768.jpg 1024w, https:\/\/cuinesiportescortes.es\/wp-content\/uploads\/2023\/06\/2013-09-04-13.14.38-300x225.jpg 300w, https:\/\/cuinesiportescortes.es\/wp-content\/uploads\/2023\/06\/2013-09-04-13.14.38-768x576.jpg 768w, https:\/\/cuinesiportescortes.es\/wp-content\/uploads\/2023\/06\/2013-09-04-13.14.38-1536x1152.jpg 1536w, https:\/\/cuinesiportescortes.es\/wp-content\/uploads\/2023\/06\/2013-09-04-13.14.38.jpg 2048w\" sizes=\"(max-width: 1024px) 100vw, 1024px\" \/><\/figure>\n<\/div><\/div>\n<\/div><\/div>\n\n\n\n<div class=\"wp-block-uagb-slider-child uagb-slider-child-wrap swiper-slide uagb-block-c140f07a-2882-45db-8614-95b058eaa8b5\"><div class=\"swiper-content\">\n<div class=\"wp-block-uagb-container uagb-block-53931544 alignfull uagb-is-root-container\"><div class=\"uagb-container-inner-blocks-wrap\">\n<figure class=\"wp-block-image size-large\"><img decoding=\"async\" loading=\"lazy\" width=\"1024\" height=\"683\" src=\"http:\/\/cuinesiportescortes.es\/wp-content\/uploads\/2023\/06\/IMG_5118-1024x683.jpg\" alt=\"\" class=\"wp-image-1844\" srcset=\"https:\/\/cuinesiportescortes.es\/wp-content\/uploads\/2023\/06\/IMG_5118-1024x683.jpg 1024w, https:\/\/cuinesiportescortes.es\/wp-content\/uploads\/2023\/06\/IMG_5118-300x200.jpg 300w, https:\/\/cuinesiportescortes.es\/wp-content\/uploads\/2023\/06\/IMG_5118-768x512.jpg 768w, https:\/\/cuinesiportescortes.es\/wp-content\/uploads\/2023\/06\/IMG_5118-1536x1024.jpg 1536w, https:\/\/cuinesiportescortes.es\/wp-content\/uploads\/2023\/06\/IMG_5118-2048x1365.jpg 2048w\" sizes=\"(max-width: 1024px) 100vw, 1024px\" \/><\/figure>\n<\/div><\/div>\n<\/div><\/div>\n\n\n\n<div class=\"wp-block-uagb-slider-child uagb-slider-child-wrap swiper-slide uagb-block-4c44f19d-2d8d-4830-8f3c-b857780d37c6\"><div class=\"swiper-content\">\n<div class=\"wp-block-uagb-container uagb-block-6a2530e2 alignfull uagb-is-root-container\"><div class=\"uagb-container-inner-blocks-wrap\">\n<figure class=\"wp-block-image size-large\"><img decoding=\"async\" loading=\"lazy\" width=\"683\" height=\"1024\" src=\"http:\/\/cuinesiportescortes.es\/wp-content\/uploads\/2023\/06\/IMG_5134-683x1024.jpg\" alt=\"\" class=\"wp-image-1843\" srcset=\"https:\/\/cuinesiportescortes.es\/wp-content\/uploads\/2023\/06\/IMG_5134-683x1024.jpg 683w, https:\/\/cuinesiportescortes.es\/wp-content\/uploads\/2023\/06\/IMG_5134-200x300.jpg 200w, https:\/\/cuinesiportescortes.es\/wp-content\/uploads\/2023\/06\/IMG_5134-768x1152.jpg 768w, https:\/\/cuinesiportescortes.es\/wp-content\/uploads\/2023\/06\/IMG_5134-1024x1536.jpg 1024w, https:\/\/cuinesiportescortes.es\/wp-content\/uploads\/2023\/06\/IMG_5134-1365x2048.jpg 1365w, https:\/\/cuinesiportescortes.es\/wp-content\/uploads\/2023\/06\/IMG_5134-scaled.jpg 1707w\" sizes=\"(max-width: 683px) 100vw, 683px\" \/><\/figure>\n<\/div><\/div>\n<\/div><\/div>\n\n\n\n<div class=\"wp-block-uagb-slider-child uagb-slider-child-wrap swiper-slide uagb-block-3f87f9df-bb50-4cc3-acb4-b8679048b37d\"><div class=\"swiper-content\">\n<div class=\"wp-block-uagb-container uagb-block-5444beb0 alignfull uagb-is-root-container\"><div class=\"uagb-container-inner-blocks-wrap\">\n<figure class=\"wp-block-image size-large\"><img decoding=\"async\" loading=\"lazy\" width=\"1024\" height=\"683\" src=\"http:\/\/cuinesiportescortes.es\/wp-content\/uploads\/2023\/06\/IMG_5192-1024x683.jpg\" alt=\"\" class=\"wp-image-1842\" srcset=\"https:\/\/cuinesiportescortes.es\/wp-content\/uploads\/2023\/06\/IMG_5192-1024x683.jpg 1024w, https:\/\/cuinesiportescortes.es\/wp-content\/uploads\/2023\/06\/IMG_5192-300x200.jpg 300w, https:\/\/cuinesiportescortes.es\/wp-content\/uploads\/2023\/06\/IMG_5192-768x512.jpg 768w, https:\/\/cuinesiportescortes.es\/wp-content\/uploads\/2023\/06\/IMG_5192-1536x1024.jpg 1536w, https:\/\/cuinesiportescortes.es\/wp-content\/uploads\/2023\/06\/IMG_5192-2048x1365.jpg 2048w\" sizes=\"(max-width: 1024px) 100vw, 1024px\" \/><\/figure>\n<\/div><\/div>\n<\/div><\/div>\n\n\n\n<div class=\"wp-block-uagb-slider-child uagb-slider-child-wrap swiper-slide uagb-block-ca16ce47-6444-4c0f-820f-8f334c3def65\"><div class=\"swiper-content\">\n<div class=\"wp-block-uagb-container uagb-block-0951f98a alignfull uagb-is-root-container\"><div class=\"uagb-container-inner-blocks-wrap\">\n<figure class=\"wp-block-image size-large\"><img decoding=\"async\" loading=\"lazy\" width=\"683\" height=\"1024\" src=\"http:\/\/cuinesiportescortes.es\/wp-content\/uploads\/2023\/06\/IMG_5244-683x1024.jpg\" alt=\"\" class=\"wp-image-1841\" srcset=\"https:\/\/cuinesiportescortes.es\/wp-content\/uploads\/2023\/06\/IMG_5244-683x1024.jpg 683w, https:\/\/cuinesiportescortes.es\/wp-content\/uploads\/2023\/06\/IMG_5244-200x300.jpg 200w, https:\/\/cuinesiportescortes.es\/wp-content\/uploads\/2023\/06\/IMG_5244-768x1152.jpg 768w, https:\/\/cuinesiportescortes.es\/wp-content\/uploads\/2023\/06\/IMG_5244-1024x1536.jpg 1024w, https:\/\/cuinesiportescortes.es\/wp-content\/uploads\/2023\/06\/IMG_5244-1365x2048.jpg 1365w, https:\/\/cuinesiportescortes.es\/wp-content\/uploads\/2023\/06\/IMG_5244-scaled.jpg 1707w\" sizes=\"(max-width: 683px) 100vw, 683px\" \/><\/figure>\n<\/div><\/div>\n<\/div><\/div>\n\n\n\n<div class=\"wp-block-uagb-slider-child uagb-slider-child-wrap swiper-slide uagb-block-80441b81-cf3a-4c7b-8f83-ad72f2d0d2fd\"><div class=\"swiper-content\">\n<div class=\"wp-block-uagb-container uagb-block-f980fd36 alignfull uagb-is-root-container\"><div class=\"uagb-container-inner-blocks-wrap\">\n<figure class=\"wp-block-image size-large\"><img decoding=\"async\" loading=\"lazy\" width=\"683\" height=\"1024\" src=\"http:\/\/cuinesiportescortes.es\/wp-content\/uploads\/2023\/06\/IMG_5268-683x1024.jpg\" alt=\"\" class=\"wp-image-1840\" srcset=\"https:\/\/cuinesiportescortes.es\/wp-content\/uploads\/2023\/06\/IMG_5268-683x1024.jpg 683w, https:\/\/cuinesiportescortes.es\/wp-content\/uploads\/2023\/06\/IMG_5268-200x300.jpg 200w, https:\/\/cuinesiportescortes.es\/wp-content\/uploads\/2023\/06\/IMG_5268-768x1152.jpg 768w, https:\/\/cuinesiportescortes.es\/wp-content\/uploads\/2023\/06\/IMG_5268-1024x1536.jpg 1024w, https:\/\/cuinesiportescortes.es\/wp-content\/uploads\/2023\/06\/IMG_5268-1365x2048.jpg 1365w, https:\/\/cuinesiportescortes.es\/wp-content\/uploads\/2023\/06\/IMG_5268-scaled.jpg 1707w\" sizes=\"(max-width: 683px) 100vw, 683px\" \/><\/figure>\n<\/div><\/div>\n<\/div><\/div>\n\n\n\n<div class=\"wp-block-uagb-slider-child uagb-slider-child-wrap swiper-slide uagb-block-3ebee3e6-fddd-48b6-99b1-25924233de22\"><div class=\"swiper-content\">\n<div class=\"wp-block-uagb-container uagb-block-874b6017 alignfull uagb-is-root-container\"><div class=\"uagb-container-inner-blocks-wrap\">\n<figure class=\"wp-block-image size-large\"><img decoding=\"async\" loading=\"lazy\" width=\"1024\" height=\"768\" src=\"http:\/\/cuinesiportescortes.es\/wp-content\/uploads\/2023\/06\/IMG-20230601-WA0020-1024x768.jpg\" alt=\"\" class=\"wp-image-1833\" srcset=\"https:\/\/cuinesiportescortes.es\/wp-content\/uploads\/2023\/06\/IMG-20230601-WA0020-1024x768.jpg 1024w, https:\/\/cuinesiportescortes.es\/wp-content\/uploads\/2023\/06\/IMG-20230601-WA0020-300x225.jpg 300w, https:\/\/cuinesiportescortes.es\/wp-content\/uploads\/2023\/06\/IMG-20230601-WA0020-768x576.jpg 768w, https:\/\/cuinesiportescortes.es\/wp-content\/uploads\/2023\/06\/IMG-20230601-WA0020-1536x1152.jpg 1536w, https:\/\/cuinesiportescortes.es\/wp-content\/uploads\/2023\/06\/IMG-20230601-WA0020.jpg 2016w\" sizes=\"(max-width: 1024px) 100vw, 1024px\" \/><\/figure>\n<\/div><\/div>\n<\/div><\/div>\n\n\n\n<div class=\"wp-block-uagb-slider-child uagb-slider-child-wrap swiper-slide uagb-block-4e6c4b28-b301-4038-b0df-ca3be41118a2\"><div class=\"swiper-content\">\n<div class=\"wp-block-uagb-container uagb-block-673531f0 alignfull uagb-is-root-container\"><div class=\"uagb-container-inner-blocks-wrap\">\n<figure class=\"wp-block-image size-large\"><img decoding=\"async\" loading=\"lazy\" width=\"768\" height=\"1024\" src=\"http:\/\/cuinesiportescortes.es\/wp-content\/uploads\/2023\/06\/IMG-20230601-WA0022-768x1024.jpg\" alt=\"\" class=\"wp-image-1831\" srcset=\"https:\/\/cuinesiportescortes.es\/wp-content\/uploads\/2023\/06\/IMG-20230601-WA0022-768x1024.jpg 768w, https:\/\/cuinesiportescortes.es\/wp-content\/uploads\/2023\/06\/IMG-20230601-WA0022-225x300.jpg 225w, https:\/\/cuinesiportescortes.es\/wp-content\/uploads\/2023\/06\/IMG-20230601-WA0022-1152x1536.jpg 1152w, https:\/\/cuinesiportescortes.es\/wp-content\/uploads\/2023\/06\/IMG-20230601-WA0022.jpg 1512w\" sizes=\"(max-width: 768px) 100vw, 768px\" \/><\/figure>\n<\/div><\/div>\n<\/div><\/div>\n<\/div><\/div><div class=\"swiper-pagination\"><\/div><div class=\"swiper-button-prev\"><\/div><div class=\"swiper-button-next\"><\/div><\/div>\n","protected":false},"excerpt":{"rendered":"<p>Realizamos todo tipo de trabajos relativos al sector de la carpinter\u00eda en obras p\u00fablicas. Trabajamos en hospitales, colegios , ayuntamientos y todo tipo de edificios p\u00fablicos. Contamos con los medios t\u00e9cnicos y humanos para dar servicio tanto a nivel local, regional como nacional.&nbsp; Todos nuestros proyectos se elaboran con material de primera calidad, garantizando el &hellip;<\/p>\n<p class=\"read-more\"> <a class=\"\" href=\"https:\/\/cuinesiportescortes.es\/index.php\/obra-publica\/\"> <span class=\"screen-reader-text\">OBRA PUBLICA<\/span> Leer m\u00e1s &raquo;<\/a><\/p>\n","protected":false},"author":1,"featured_media":0,"parent":0,"menu_order":0,"comment_status":"closed","ping_status":"closed","template":"","meta":{"_uag_custom_page_level_css":"","site-sidebar-layout":"default","site-content-layout":"default","ast-global-header-display":"","ast-banner-title-visibility":"","ast-main-header-display":"","ast-hfb-above-header-display":"","ast-hfb-below-header-display":"","ast-hfb-mobile-header-display":"","site-post-title":"","ast-breadcrumbs-content":"","ast-featured-img":"","footer-sml-layout":"","theme-transparent-header-meta":"","adv-header-id-meta":"","stick-header-meta":"","header-above-stick-meta":"","header-main-stick-meta":"","header-below-stick-meta":""},"yoast_head":"<!-- This site is optimized with the Yoast SEO plugin v21.6 - https:\/\/yoast.com\/wordpress\/plugins\/seo\/ -->\n<title>OBRA PUBLICA - Carpinteria Cuines i Portes Cortes Cocinas puertas armarios obra publica<\/title>\n<meta name=\"description\" content=\"Carpinteria Cuines i portes Cortes Cocinas puertas armarios obra publica\" \/>\n<meta name=\"robots\" content=\"index, follow, max-snippet:-1, max-image-preview:large, max-video-preview:-1\" \/>\n<link rel=\"canonical\" href=\"https:\/\/cuinesiportescortes.es\/index.php\/obra-publica\/\" \/>\n<meta property=\"og:locale\" content=\"es_ES\" \/>\n<meta property=\"og:type\" content=\"article\" \/>\n<meta property=\"og:title\" content=\"OBRA PUBLICA - Carpinteria Cuines i Portes Cortes Cocinas puertas armarios obra publica\" \/>\n<meta property=\"og:description\" content=\"Carpinteria Cuines i portes Cortes Cocinas puertas armarios obra publica\" \/>\n<meta property=\"og:url\" content=\"https:\/\/cuinesiportescortes.es\/index.php\/obra-publica\/\" \/>\n<meta property=\"og:site_name\" content=\"Carpinteria Cuines i Portes Cortes Cocinas puertas armarios obra publica\" \/>\n<meta property=\"article:modified_time\" content=\"2023-10-31T11:05:20+00:00\" \/>\n<meta property=\"og:image\" content=\"http:\/\/cuinesiportescortes.es\/wp-content\/uploads\/2023\/06\/2013-09-03-20.05.12-1024x768.jpg\" \/>\n<meta name=\"twitter:card\" content=\"summary_large_image\" \/>\n<meta name=\"twitter:label1\" content=\"Tiempo de lectura\" \/>\n\t<meta name=\"twitter:data1\" content=\"3 minutos\" \/>\n<script type=\"application\/ld+json\" class=\"yoast-schema-graph\">{\"@context\":\"https:\/\/schema.org\",\"@graph\":[{\"@type\":\"WebPage\",\"@id\":\"https:\/\/cuinesiportescortes.es\/index.php\/obra-publica\/\",\"url\":\"https:\/\/cuinesiportescortes.es\/index.php\/obra-publica\/\",\"name\":\"OBRA PUBLICA - Carpinteria Cuines i Portes Cortes Cocinas puertas armarios obra publica\",\"isPartOf\":{\"@id\":\"https:\/\/cuinesiportescortes.es\/#website\"},\"datePublished\":\"2023-07-25T16:29:02+00:00\",\"dateModified\":\"2023-10-31T11:05:20+00:00\",\"description\":\"Carpinteria Cuines i portes Cortes Cocinas puertas armarios obra publica\",\"breadcrumb\":{\"@id\":\"https:\/\/cuinesiportescortes.es\/index.php\/obra-publica\/#breadcrumb\"},\"inLanguage\":\"es\",\"potentialAction\":[{\"@type\":\"ReadAction\",\"target\":[\"https:\/\/cuinesiportescortes.es\/index.php\/obra-publica\/\"]}]},{\"@type\":\"BreadcrumbList\",\"@id\":\"https:\/\/cuinesiportescortes.es\/index.php\/obra-publica\/#breadcrumb\",\"itemListElement\":[{\"@type\":\"ListItem\",\"position\":1,\"name\":\"Portada\",\"item\":\"https:\/\/cuinesiportescortes.es\/\"},{\"@type\":\"ListItem\",\"position\":2,\"name\":\"OBRA PUBLICA\"}]},{\"@type\":\"WebSite\",\"@id\":\"https:\/\/cuinesiportescortes.es\/#website\",\"url\":\"https:\/\/cuinesiportescortes.es\/\",\"name\":\"Carpinteria Cuines i Portes Cortes Cocinas puertas armarios obra publica\",\"description\":\"Carpinteria Cuines i Portes Cortes Cocinas puertas armarios obra publica\",\"publisher\":{\"@id\":\"https:\/\/cuinesiportescortes.es\/#organization\"},\"potentialAction\":[{\"@type\":\"SearchAction\",\"target\":{\"@type\":\"EntryPoint\",\"urlTemplate\":\"https:\/\/cuinesiportescortes.es\/?s={search_term_string}\"},\"query-input\":\"required name=search_term_string\"}],\"inLanguage\":\"es\"},{\"@type\":\"Organization\",\"@id\":\"https:\/\/cuinesiportescortes.es\/#organization\",\"name\":\"Carpinteria Cuines i Portes Cortes Cocinas puertas armarios obra publica\",\"url\":\"https:\/\/cuinesiportescortes.es\/\",\"logo\":{\"@type\":\"ImageObject\",\"inLanguage\":\"es\",\"@id\":\"https:\/\/cuinesiportescortes.es\/#\/schema\/logo\/image\/\",\"url\":\"https:\/\/cuinesiportescortes.es\/wp-content\/uploads\/2023\/11\/cropped-Logo_Cuines_PortesCortes_nuevo3-1.png\",\"contentUrl\":\"https:\/\/cuinesiportescortes.es\/wp-content\/uploads\/2023\/11\/cropped-Logo_Cuines_PortesCortes_nuevo3-1.png\",\"width\":154,\"height\":153,\"caption\":\"Carpinteria Cuines i Portes Cortes Cocinas puertas armarios obra publica\"},\"image\":{\"@id\":\"https:\/\/cuinesiportescortes.es\/#\/schema\/logo\/image\/\"}}]}<\/script>\n<!-- \/ Yoast SEO plugin. -->","yoast_head_json":{"title":"OBRA PUBLICA - Carpinteria Cuines i Portes Cortes Cocinas puertas armarios obra publica","description":"Carpinteria Cuines i portes Cortes Cocinas puertas armarios obra publica","robots":{"index":"index","follow":"follow","max-snippet":"max-snippet:-1","max-image-preview":"max-image-preview:large","max-video-preview":"max-video-preview:-1"},"canonical":"https:\/\/cuinesiportescortes.es\/index.php\/obra-publica\/","og_locale":"es_ES","og_type":"article","og_title":"OBRA PUBLICA - Carpinteria Cuines i Portes Cortes Cocinas puertas armarios obra publica","og_description":"Carpinteria Cuines i portes Cortes Cocinas puertas armarios obra publica","og_url":"https:\/\/cuinesiportescortes.es\/index.php\/obra-publica\/","og_site_name":"Carpinteria Cuines i Portes Cortes Cocinas puertas armarios obra publica","article_modified_time":"2023-10-31T11:05:20+00:00","og_image":[{"url":"http:\/\/cuinesiportescortes.es\/wp-content\/uploads\/2023\/06\/2013-09-03-20.05.12-1024x768.jpg"}],"twitter_card":"summary_large_image","twitter_misc":{"Tiempo de lectura":"3 minutos"},"schema":{"@context":"https:\/\/schema.org","@graph":[{"@type":"WebPage","@id":"https:\/\/cuinesiportescortes.es\/index.php\/obra-publica\/","url":"https:\/\/cuinesiportescortes.es\/index.php\/obra-publica\/","name":"OBRA PUBLICA - Carpinteria Cuines i Portes Cortes Cocinas puertas armarios obra publica","isPartOf":{"@id":"https:\/\/cuinesiportescortes.es\/#website"},"datePublished":"2023-07-25T16:29:02+00:00","dateModified":"2023-10-31T11:05:20+00:00","description":"Carpinteria Cuines i portes Cortes Cocinas puertas armarios obra publica","breadcrumb":{"@id":"https:\/\/cuinesiportescortes.es\/index.php\/obra-publica\/#breadcrumb"},"inLanguage":"es","potentialAction":[{"@type":"ReadAction","target":["https:\/\/cuinesiportescortes.es\/index.php\/obra-publica\/"]}]},{"@type":"BreadcrumbList","@id":"https:\/\/cuinesiportescortes.es\/index.php\/obra-publica\/#breadcrumb","itemListElement":[{"@type":"ListItem","position":1,"name":"Portada","item":"https:\/\/cuinesiportescortes.es\/"},{"@type":"ListItem","position":2,"name":"OBRA PUBLICA"}]},{"@type":"WebSite","@id":"https:\/\/cuinesiportescortes.es\/#website","url":"https:\/\/cuinesiportescortes.es\/","name":"Carpinteria Cuines i Portes Cortes Cocinas puertas armarios obra publica","description":"Carpinteria Cuines i Portes Cortes Cocinas puertas armarios obra publica","publisher":{"@id":"https:\/\/cuinesiportescortes.es\/#organization"},"potentialAction":[{"@type":"SearchAction","target":{"@type":"EntryPoint","urlTemplate":"https:\/\/cuinesiportescortes.es\/?s={search_term_string}"},"query-input":"required name=search_term_string"}],"inLanguage":"es"},{"@type":"Organization","@id":"https:\/\/cuinesiportescortes.es\/#organization","name":"Carpinteria Cuines i Portes Cortes Cocinas puertas armarios obra publica","url":"https:\/\/cuinesiportescortes.es\/","logo":{"@type":"ImageObject","inLanguage":"es","@id":"https:\/\/cuinesiportescortes.es\/#\/schema\/logo\/image\/","url":"https:\/\/cuinesiportescortes.es\/wp-content\/uploads\/2023\/11\/cropped-Logo_Cuines_PortesCortes_nuevo3-1.png","contentUrl":"https:\/\/cuinesiportescortes.es\/wp-content\/uploads\/2023\/11\/cropped-Logo_Cuines_PortesCortes_nuevo3-1.png","width":154,"height":153,"caption":"Carpinteria Cuines i Portes Cortes Cocinas puertas armarios obra publica"},"image":{"@id":"https:\/\/cuinesiportescortes.es\/#\/schema\/logo\/image\/"}}]}},"uagb_featured_image_src":{"full":false,"thumbnail":false,"medium":false,"medium_large":false,"large":false,"1536x1536":false,"2048x2048":false},"uagb_author_info":{"display_name":"jvtogomez@gmail.com","author_link":"https:\/\/cuinesiportescortes.es\/index.php\/author\/jvtogomezgmail-com\/"},"uagb_comment_info":0,"uagb_excerpt":"Realizamos todo tipo de trabajos relativos al sector de la carpinter\u00eda en obras p\u00fablicas. Trabajamos en hospitales, colegios , ayuntamientos y todo tipo de edificios p\u00fablicos. Contamos con los medios t\u00e9cnicos y humanos para dar servicio tanto a nivel local, regional como nacional.&nbsp; Todos nuestros proyectos se elaboran con material de primera calidad, garantizando el&hellip;","_links":{"self":[{"href":"https:\/\/cuinesiportescortes.es\/index.php\/wp-json\/wp\/v2\/pages\/1935"}],"collection":[{"href":"https:\/\/cuinesiportescortes.es\/index.php\/wp-json\/wp\/v2\/pages"}],"about":[{"href":"https:\/\/cuinesiportescortes.es\/index.php\/wp-json\/wp\/v2\/types\/page"}],"author":[{"embeddable":true,"href":"https:\/\/cuinesiportescortes.es\/index.php\/wp-json\/wp\/v2\/users\/1"}],"replies":[{"embeddable":true,"href":"https:\/\/cuinesiportescortes.es\/index.php\/wp-json\/wp\/v2\/comments?post=1935"}],"version-history":[{"count":3,"href":"https:\/\/cuinesiportescortes.es\/index.php\/wp-json\/wp\/v2\/pages\/1935\/revisions"}],"predecessor-version":[{"id":2041,"href":"https:\/\/cuinesiportescortes.es\/index.php\/wp-json\/wp\/v2\/pages\/1935\/revisions\/2041"}],"wp:attachment":[{"href":"https:\/\/cuinesiportescortes.es\/index.php\/wp-json\/wp\/v2\/media?parent=1935"}],"curies":[{"name":"wp","href":"https:\/\/api.w.org\/{rel}","templated":true}]}}