{"id":1945,"date":"2023-07-25T18:37:15","date_gmt":"2023-07-25T16:37:15","guid":{"rendered":"https:\/\/cuinesiportescortes.es\/?page_id=1945"},"modified":"2023-10-31T12:04:56","modified_gmt":"2023-10-31T11:04:56","slug":"cocinas","status":"publish","type":"page","link":"https:\/\/cuinesiportescortes.es\/index.php\/cocinas\/","title":{"rendered":"COCINAS"},"content":{"rendered":"\n<h5 class=\"wp-block-heading\">Contamos con una f\u00e1brica de&nbsp;<strong>muebles de cocina<\/strong>&nbsp;propia, respetuosa con el proceso de fabricaci\u00f3n, desde la fase de dise\u00f1o hasta la producci\u00f3n. <\/h5>\n\n\n\n<h5 class=\"wp-block-heading\">Convertimos la cocina en tu lugar favorito, innovador y funcional. Conf\u00eda en nosotros para realizar tu nueva cocina o reformar la que ya tienes.<\/h5>\n\n\n\n<div class=\"wp-block-uagb-slider uagb-block-4d64ae40 uagb-slider-container\"><div class=\"uagb-slides uagb-swiper\"><div class=\"swiper-wrapper\">\n<div class=\"wp-block-uagb-slider-child uagb-slider-child-wrap swiper-slide uagb-block-10387795-35bf-43e1-b667-463adfefadd2\"><div class=\"swiper-content\">\n<div class=\"wp-block-uagb-container uagb-block-6c1aec5f alignfull uagb-is-root-container\"><div class=\"uagb-container-inner-blocks-wrap\">\n<figure class=\"wp-block-image size-full\"><img decoding=\"async\" loading=\"lazy\" width=\"800\" height=\"600\" src=\"http:\/\/cuinesiportescortes.es\/wp-content\/uploads\/2023\/06\/IMG-20130724-WA0002.jpg\" alt=\"\" class=\"wp-image-1839\" srcset=\"https:\/\/cuinesiportescortes.es\/wp-content\/uploads\/2023\/06\/IMG-20130724-WA0002.jpg 800w, https:\/\/cuinesiportescortes.es\/wp-content\/uploads\/2023\/06\/IMG-20130724-WA0002-300x225.jpg 300w, https:\/\/cuinesiportescortes.es\/wp-content\/uploads\/2023\/06\/IMG-20130724-WA0002-768x576.jpg 768w\" sizes=\"(max-width: 800px) 100vw, 800px\" \/><\/figure>\n<\/div><\/div>\n<\/div><\/div>\n\n\n\n<div class=\"wp-block-uagb-slider-child uagb-slider-child-wrap swiper-slide uagb-block-d4816099-6a74-48d7-86ea-20e1cff905bd\"><div class=\"swiper-content\">\n<div class=\"wp-block-uagb-container uagb-block-ecd1eecb alignfull uagb-is-root-container\"><div class=\"uagb-container-inner-blocks-wrap\">\n<figure class=\"wp-block-image size-large\"><img decoding=\"async\" loading=\"lazy\" width=\"1024\" height=\"768\" src=\"http:\/\/cuinesiportescortes.es\/wp-content\/uploads\/2023\/06\/IMG-20230601-WA0034-1024x768.jpg\" alt=\"\" class=\"wp-image-1825\" srcset=\"https:\/\/cuinesiportescortes.es\/wp-content\/uploads\/2023\/06\/IMG-20230601-WA0034-1024x768.jpg 1024w, https:\/\/cuinesiportescortes.es\/wp-content\/uploads\/2023\/06\/IMG-20230601-WA0034-300x225.jpg 300w, https:\/\/cuinesiportescortes.es\/wp-content\/uploads\/2023\/06\/IMG-20230601-WA0034-768x576.jpg 768w, https:\/\/cuinesiportescortes.es\/wp-content\/uploads\/2023\/06\/IMG-20230601-WA0034-1536x1152.jpg 1536w, https:\/\/cuinesiportescortes.es\/wp-content\/uploads\/2023\/06\/IMG-20230601-WA0034.jpg 2016w\" sizes=\"(max-width: 1024px) 100vw, 1024px\" \/><\/figure>\n<\/div><\/div>\n<\/div><\/div>\n\n\n\n<div class=\"wp-block-uagb-slider-child uagb-slider-child-wrap swiper-slide uagb-block-b2438cb8-b6cb-4d3a-8b2e-fca5330ad53b\"><div class=\"swiper-content\">\n<div class=\"wp-block-uagb-container uagb-block-55b93cea alignfull uagb-is-root-container\"><div class=\"uagb-container-inner-blocks-wrap\">\n<figure class=\"wp-block-image size-large\"><img decoding=\"async\" loading=\"lazy\" width=\"1024\" height=\"768\" src=\"http:\/\/cuinesiportescortes.es\/wp-content\/uploads\/2023\/06\/IMG-20230601-WA0033-1024x768.jpg\" alt=\"\" class=\"wp-image-1824\" srcset=\"https:\/\/cuinesiportescortes.es\/wp-content\/uploads\/2023\/06\/IMG-20230601-WA0033-1024x768.jpg 1024w, https:\/\/cuinesiportescortes.es\/wp-content\/uploads\/2023\/06\/IMG-20230601-WA0033-300x225.jpg 300w, https:\/\/cuinesiportescortes.es\/wp-content\/uploads\/2023\/06\/IMG-20230601-WA0033-768x576.jpg 768w, https:\/\/cuinesiportescortes.es\/wp-content\/uploads\/2023\/06\/IMG-20230601-WA0033-1536x1152.jpg 1536w, https:\/\/cuinesiportescortes.es\/wp-content\/uploads\/2023\/06\/IMG-20230601-WA0033.jpg 2016w\" sizes=\"(max-width: 1024px) 100vw, 1024px\" \/><\/figure>\n<\/div><\/div>\n<\/div><\/div>\n\n\n\n<div class=\"wp-block-uagb-slider-child uagb-slider-child-wrap swiper-slide uagb-block-6aaf4b03-8bc5-4237-957e-fd57c5a14ba4\"><div class=\"swiper-content\">\n<div class=\"wp-block-uagb-container uagb-block-badf537f alignfull uagb-is-root-container\"><div class=\"uagb-container-inner-blocks-wrap\">\n<figure class=\"wp-block-image size-large\"><img decoding=\"async\" loading=\"lazy\" width=\"1024\" height=\"768\" src=\"http:\/\/cuinesiportescortes.es\/wp-content\/uploads\/2023\/06\/IMG-20230601-WA0032-1024x768.jpg\" alt=\"\" class=\"wp-image-1823\" srcset=\"https:\/\/cuinesiportescortes.es\/wp-content\/uploads\/2023\/06\/IMG-20230601-WA0032-1024x768.jpg 1024w, https:\/\/cuinesiportescortes.es\/wp-content\/uploads\/2023\/06\/IMG-20230601-WA0032-300x225.jpg 300w, https:\/\/cuinesiportescortes.es\/wp-content\/uploads\/2023\/06\/IMG-20230601-WA0032-768x576.jpg 768w, https:\/\/cuinesiportescortes.es\/wp-content\/uploads\/2023\/06\/IMG-20230601-WA0032-1536x1152.jpg 1536w, https:\/\/cuinesiportescortes.es\/wp-content\/uploads\/2023\/06\/IMG-20230601-WA0032.jpg 2016w\" sizes=\"(max-width: 1024px) 100vw, 1024px\" \/><\/figure>\n<\/div><\/div>\n<\/div><\/div>\n\n\n\n<div class=\"wp-block-uagb-slider-child uagb-slider-child-wrap swiper-slide uagb-block-0755a625-31fa-4067-ad59-df21f699e6d4\"><div class=\"swiper-content\">\n<div class=\"wp-block-uagb-container uagb-block-df83ea39 alignfull uagb-is-root-container\"><div class=\"uagb-container-inner-blocks-wrap\">\n<figure class=\"wp-block-image size-large\"><img decoding=\"async\" loading=\"lazy\" width=\"1024\" height=\"768\" src=\"http:\/\/cuinesiportescortes.es\/wp-content\/uploads\/2023\/06\/IMG-20230601-WA0031-1024x768.jpg\" alt=\"\" class=\"wp-image-1822\" srcset=\"https:\/\/cuinesiportescortes.es\/wp-content\/uploads\/2023\/06\/IMG-20230601-WA0031-1024x768.jpg 1024w, https:\/\/cuinesiportescortes.es\/wp-content\/uploads\/2023\/06\/IMG-20230601-WA0031-300x225.jpg 300w, https:\/\/cuinesiportescortes.es\/wp-content\/uploads\/2023\/06\/IMG-20230601-WA0031-768x576.jpg 768w, https:\/\/cuinesiportescortes.es\/wp-content\/uploads\/2023\/06\/IMG-20230601-WA0031-1536x1152.jpg 1536w, https:\/\/cuinesiportescortes.es\/wp-content\/uploads\/2023\/06\/IMG-20230601-WA0031.jpg 2016w\" sizes=\"(max-width: 1024px) 100vw, 1024px\" \/><\/figure>\n<\/div><\/div>\n<\/div><\/div>\n<\/div><\/div><div class=\"swiper-pagination\"><\/div><div class=\"swiper-button-prev\"><\/div><div class=\"swiper-button-next\"><\/div><\/div>\n","protected":false},"excerpt":{"rendered":"<p>Contamos con una f\u00e1brica de&nbsp;muebles de cocina&nbsp;propia, respetuosa con el proceso de fabricaci\u00f3n, desde la fase de dise\u00f1o hasta la producci\u00f3n. Convertimos la cocina en tu lugar favorito, innovador y funcional. Conf\u00eda en nosotros para realizar tu nueva cocina o reformar la que ya tienes.<\/p>\n","protected":false},"author":1,"featured_media":0,"parent":0,"menu_order":0,"comment_status":"closed","ping_status":"closed","template":"","meta":{"_uag_custom_page_level_css":"","site-sidebar-layout":"default","site-content-layout":"default","ast-global-header-display":"","ast-banner-title-visibility":"","ast-main-header-display":"","ast-hfb-above-header-display":"","ast-hfb-below-header-display":"","ast-hfb-mobile-header-display":"","site-post-title":"","ast-breadcrumbs-content":"","ast-featured-img":"","footer-sml-layout":"","theme-transparent-header-meta":"","adv-header-id-meta":"","stick-header-meta":"","header-above-stick-meta":"","header-main-stick-meta":"","header-below-stick-meta":""},"yoast_head":"<!-- This site is optimized with the Yoast SEO plugin v21.6 - https:\/\/yoast.com\/wordpress\/plugins\/seo\/ -->\n<title>COCINAS - Carpinteria Cuines i Portes Cortes Cocinas puertas armarios obra publica<\/title>\n<meta name=\"description\" content=\"Carpinteria Cuines i portes Cortes Cocinas puertas armarios obra publica\" \/>\n<meta name=\"robots\" content=\"index, follow, max-snippet:-1, max-image-preview:large, max-video-preview:-1\" \/>\n<link rel=\"canonical\" href=\"https:\/\/cuinesiportescortes.es\/index.php\/cocinas\/\" \/>\n<meta property=\"og:locale\" content=\"es_ES\" \/>\n<meta property=\"og:type\" content=\"article\" \/>\n<meta property=\"og:title\" content=\"COCINAS - Carpinteria Cuines i Portes Cortes Cocinas puertas armarios obra publica\" \/>\n<meta property=\"og:description\" content=\"Carpinteria Cuines i portes Cortes Cocinas puertas armarios obra publica\" \/>\n<meta property=\"og:url\" content=\"https:\/\/cuinesiportescortes.es\/index.php\/cocinas\/\" \/>\n<meta property=\"og:site_name\" content=\"Carpinteria Cuines i Portes Cortes Cocinas puertas armarios obra publica\" \/>\n<meta property=\"article:modified_time\" content=\"2023-10-31T11:04:56+00:00\" \/>\n<meta property=\"og:image\" content=\"http:\/\/cuinesiportescortes.es\/wp-content\/uploads\/2023\/06\/IMG-20130724-WA0002.jpg\" \/>\n<meta name=\"twitter:card\" content=\"summary_large_image\" \/>\n<meta name=\"twitter:label1\" content=\"Tiempo de lectura\" \/>\n\t<meta name=\"twitter:data1\" content=\"2 minutos\" \/>\n<script type=\"application\/ld+json\" class=\"yoast-schema-graph\">{\"@context\":\"https:\/\/schema.org\",\"@graph\":[{\"@type\":\"WebPage\",\"@id\":\"https:\/\/cuinesiportescortes.es\/index.php\/cocinas\/\",\"url\":\"https:\/\/cuinesiportescortes.es\/index.php\/cocinas\/\",\"name\":\"COCINAS - Carpinteria Cuines i Portes Cortes Cocinas puertas armarios obra publica\",\"isPartOf\":{\"@id\":\"https:\/\/cuinesiportescortes.es\/#website\"},\"datePublished\":\"2023-07-25T16:37:15+00:00\",\"dateModified\":\"2023-10-31T11:04:56+00:00\",\"description\":\"Carpinteria Cuines i portes Cortes Cocinas puertas armarios obra publica\",\"breadcrumb\":{\"@id\":\"https:\/\/cuinesiportescortes.es\/index.php\/cocinas\/#breadcrumb\"},\"inLanguage\":\"es\",\"potentialAction\":[{\"@type\":\"ReadAction\",\"target\":[\"https:\/\/cuinesiportescortes.es\/index.php\/cocinas\/\"]}]},{\"@type\":\"BreadcrumbList\",\"@id\":\"https:\/\/cuinesiportescortes.es\/index.php\/cocinas\/#breadcrumb\",\"itemListElement\":[{\"@type\":\"ListItem\",\"position\":1,\"name\":\"Portada\",\"item\":\"https:\/\/cuinesiportescortes.es\/\"},{\"@type\":\"ListItem\",\"position\":2,\"name\":\"COCINAS\"}]},{\"@type\":\"WebSite\",\"@id\":\"https:\/\/cuinesiportescortes.es\/#website\",\"url\":\"https:\/\/cuinesiportescortes.es\/\",\"name\":\"Carpinteria Cuines i Portes Cortes Cocinas puertas armarios obra publica\",\"description\":\"Carpinteria Cuines i Portes Cortes Cocinas puertas armarios obra publica\",\"publisher\":{\"@id\":\"https:\/\/cuinesiportescortes.es\/#organization\"},\"potentialAction\":[{\"@type\":\"SearchAction\",\"target\":{\"@type\":\"EntryPoint\",\"urlTemplate\":\"https:\/\/cuinesiportescortes.es\/?s={search_term_string}\"},\"query-input\":\"required name=search_term_string\"}],\"inLanguage\":\"es\"},{\"@type\":\"Organization\",\"@id\":\"https:\/\/cuinesiportescortes.es\/#organization\",\"name\":\"Carpinteria Cuines i Portes Cortes Cocinas puertas armarios obra publica\",\"url\":\"https:\/\/cuinesiportescortes.es\/\",\"logo\":{\"@type\":\"ImageObject\",\"inLanguage\":\"es\",\"@id\":\"https:\/\/cuinesiportescortes.es\/#\/schema\/logo\/image\/\",\"url\":\"https:\/\/cuinesiportescortes.es\/wp-content\/uploads\/2023\/11\/cropped-Logo_Cuines_PortesCortes_nuevo3-1.png\",\"contentUrl\":\"https:\/\/cuinesiportescortes.es\/wp-content\/uploads\/2023\/11\/cropped-Logo_Cuines_PortesCortes_nuevo3-1.png\",\"width\":154,\"height\":153,\"caption\":\"Carpinteria Cuines i Portes Cortes Cocinas puertas armarios obra publica\"},\"image\":{\"@id\":\"https:\/\/cuinesiportescortes.es\/#\/schema\/logo\/image\/\"}}]}<\/script>\n<!-- \/ Yoast SEO plugin. -->","yoast_head_json":{"title":"COCINAS - Carpinteria Cuines i Portes Cortes Cocinas puertas armarios obra publica","description":"Carpinteria Cuines i portes Cortes Cocinas puertas armarios obra publica","robots":{"index":"index","follow":"follow","max-snippet":"max-snippet:-1","max-image-preview":"max-image-preview:large","max-video-preview":"max-video-preview:-1"},"canonical":"https:\/\/cuinesiportescortes.es\/index.php\/cocinas\/","og_locale":"es_ES","og_type":"article","og_title":"COCINAS - Carpinteria Cuines i Portes Cortes Cocinas puertas armarios obra publica","og_description":"Carpinteria Cuines i portes Cortes Cocinas puertas armarios obra publica","og_url":"https:\/\/cuinesiportescortes.es\/index.php\/cocinas\/","og_site_name":"Carpinteria Cuines i Portes Cortes Cocinas puertas armarios obra publica","article_modified_time":"2023-10-31T11:04:56+00:00","og_image":[{"url":"http:\/\/cuinesiportescortes.es\/wp-content\/uploads\/2023\/06\/IMG-20130724-WA0002.jpg"}],"twitter_card":"summary_large_image","twitter_misc":{"Tiempo de lectura":"2 minutos"},"schema":{"@context":"https:\/\/schema.org","@graph":[{"@type":"WebPage","@id":"https:\/\/cuinesiportescortes.es\/index.php\/cocinas\/","url":"https:\/\/cuinesiportescortes.es\/index.php\/cocinas\/","name":"COCINAS - Carpinteria Cuines i Portes Cortes Cocinas puertas armarios obra publica","isPartOf":{"@id":"https:\/\/cuinesiportescortes.es\/#website"},"datePublished":"2023-07-25T16:37:15+00:00","dateModified":"2023-10-31T11:04:56+00:00","description":"Carpinteria Cuines i portes Cortes Cocinas puertas armarios obra publica","breadcrumb":{"@id":"https:\/\/cuinesiportescortes.es\/index.php\/cocinas\/#breadcrumb"},"inLanguage":"es","potentialAction":[{"@type":"ReadAction","target":["https:\/\/cuinesiportescortes.es\/index.php\/cocinas\/"]}]},{"@type":"BreadcrumbList","@id":"https:\/\/cuinesiportescortes.es\/index.php\/cocinas\/#breadcrumb","itemListElement":[{"@type":"ListItem","position":1,"name":"Portada","item":"https:\/\/cuinesiportescortes.es\/"},{"@type":"ListItem","position":2,"name":"COCINAS"}]},{"@type":"WebSite","@id":"https:\/\/cuinesiportescortes.es\/#website","url":"https:\/\/cuinesiportescortes.es\/","name":"Carpinteria Cuines i Portes Cortes Cocinas puertas armarios obra publica","description":"Carpinteria Cuines i Portes Cortes Cocinas puertas armarios obra publica","publisher":{"@id":"https:\/\/cuinesiportescortes.es\/#organization"},"potentialAction":[{"@type":"SearchAction","target":{"@type":"EntryPoint","urlTemplate":"https:\/\/cuinesiportescortes.es\/?s={search_term_string}"},"query-input":"required name=search_term_string"}],"inLanguage":"es"},{"@type":"Organization","@id":"https:\/\/cuinesiportescortes.es\/#organization","name":"Carpinteria Cuines i Portes Cortes Cocinas puertas armarios obra publica","url":"https:\/\/cuinesiportescortes.es\/","logo":{"@type":"ImageObject","inLanguage":"es","@id":"https:\/\/cuinesiportescortes.es\/#\/schema\/logo\/image\/","url":"https:\/\/cuinesiportescortes.es\/wp-content\/uploads\/2023\/11\/cropped-Logo_Cuines_PortesCortes_nuevo3-1.png","contentUrl":"https:\/\/cuinesiportescortes.es\/wp-content\/uploads\/2023\/11\/cropped-Logo_Cuines_PortesCortes_nuevo3-1.png","width":154,"height":153,"caption":"Carpinteria Cuines i Portes Cortes Cocinas puertas armarios obra publica"},"image":{"@id":"https:\/\/cuinesiportescortes.es\/#\/schema\/logo\/image\/"}}]}},"uagb_featured_image_src":{"full":false,"thumbnail":false,"medium":false,"medium_large":false,"large":false,"1536x1536":false,"2048x2048":false},"uagb_author_info":{"display_name":"jvtogomez@gmail.com","author_link":"https:\/\/cuinesiportescortes.es\/index.php\/author\/jvtogomezgmail-com\/"},"uagb_comment_info":0,"uagb_excerpt":"Contamos con una f\u00e1brica de&nbsp;muebles de cocina&nbsp;propia, respetuosa con el proceso de fabricaci\u00f3n, desde la fase de dise\u00f1o hasta la producci\u00f3n. Convertimos la cocina en tu lugar favorito, innovador y funcional. Conf\u00eda en nosotros para realizar tu nueva cocina o reformar la que ya tienes.","_links":{"self":[{"href":"https:\/\/cuinesiportescortes.es\/index.php\/wp-json\/wp\/v2\/pages\/1945"}],"collection":[{"href":"https:\/\/cuinesiportescortes.es\/index.php\/wp-json\/wp\/v2\/pages"}],"about":[{"href":"https:\/\/cuinesiportescortes.es\/index.php\/wp-json\/wp\/v2\/types\/page"}],"author":[{"embeddable":true,"href":"https:\/\/cuinesiportescortes.es\/index.php\/wp-json\/wp\/v2\/users\/1"}],"replies":[{"embeddable":true,"href":"https:\/\/cuinesiportescortes.es\/index.php\/wp-json\/wp\/v2\/comments?post=1945"}],"version-history":[{"count":3,"href":"https:\/\/cuinesiportescortes.es\/index.php\/wp-json\/wp\/v2\/pages\/1945\/revisions"}],"predecessor-version":[{"id":2036,"href":"https:\/\/cuinesiportescortes.es\/index.php\/wp-json\/wp\/v2\/pages\/1945\/revisions\/2036"}],"wp:attachment":[{"href":"https:\/\/cuinesiportescortes.es\/index.php\/wp-json\/wp\/v2\/media?parent=1945"}],"curies":[{"name":"wp","href":"https:\/\/api.w.org\/{rel}","templated":true}]}}